{"id":3943,"date":"2022-03-22T14:43:36","date_gmt":"2022-03-22T12:43:36","guid":{"rendered":"https:\/\/www.gron-andersen.es\/advokat-javier-toro\/"},"modified":"2026-03-29T20:19:18","modified_gmt":"2026-03-29T19:19:18","slug":"advokat-javier-toro","status":"publish","type":"page","link":"https:\/\/www.gron-andersen.es\/no\/advokat-javier-toro\/","title":{"rendered":"Advokat"},"content":{"rendered":"\t\t<div data-elementor-type=\"wp-page\" data-elementor-id=\"3943\" class=\"elementor elementor-3943 elementor-1472\" data-elementor-post-type=\"page\">\n\t\t\t\t\t\t<section class=\"elementor-section elementor-top-section elementor-element elementor-element-2b7eb814 elementor-section-boxed elementor-section-height-default elementor-section-height-default\" data-id=\"2b7eb814\" data-element_type=\"section\" data-e-type=\"section\">\n\t\t\t\t\t\t<div class=\"elementor-container elementor-column-gap-default\">\n\t\t\t\t\t<div class=\"elementor-column elementor-col-100 elementor-top-column elementor-element elementor-element-501935e\" data-id=\"501935e\" data-element_type=\"column\" data-e-type=\"column\">\n\t\t\t<div class=\"elementor-widget-wrap elementor-element-populated\">\n\t\t\t\t\t\t<div class=\"elementor-element elementor-element-209fc2db elementor-widget elementor-widget-heading\" data-id=\"209fc2db\" data-element_type=\"widget\" data-e-type=\"widget\" data-widget_type=\"heading.default\">\n\t\t\t\t<div class=\"elementor-widget-container\">\n\t\t\t\t\t<h2 class=\"elementor-heading-title elementor-size-default\">Advokat<\/h2>\t\t\t\t<\/div>\n\t\t\t\t<\/div>\n\t\t\t\t<div class=\"elementor-element elementor-element-2790fc9d elementor-widget__width-initial elementor-absolute elementor-widget-tablet__width-initial elementor-widget elementor-widget-spacer\" data-id=\"2790fc9d\" data-element_type=\"widget\" data-e-type=\"widget\" data-settings=\"{&quot;_position&quot;:&quot;absolute&quot;}\" data-widget_type=\"spacer.default\">\n\t\t\t\t<div class=\"elementor-widget-container\">\n\t\t\t\t\t\t\t<div class=\"elementor-spacer\">\n\t\t\t<div class=\"elementor-spacer-inner\"><\/div>\n\t\t<\/div>\n\t\t\t\t\t\t<\/div>\n\t\t\t\t<\/div>\n\t\t\t\t<div class=\"elementor-element elementor-element-516b79c9 elementor-hidden-desktop elementor-hidden-tablet elementor-hidden-mobile elementor-widget elementor-widget-text-editor\" data-id=\"516b79c9\" data-element_type=\"widget\" data-e-type=\"widget\" data-widget_type=\"text-editor.default\">\n\t\t\t\t<div class=\"elementor-widget-container\">\n\t\t\t\t\t\t\t\t\t<p>Advokat. Medlem av Foreningen for advokater i Malaga (Ilustre Colegio de Abogados)<\/p>\n\t\t\t\t\t\t\t\t<\/div>\n\t\t\t\t<\/div>\n\t\t\t\t\t<\/div>\n\t\t<\/div>\n\t\t\t\t\t<\/div>\n\t\t<\/section>\n\t\t<div class=\"elementor-element elementor-element-feec579 e-flex e-con-boxed e-con e-parent\" data-id=\"feec579\" data-element_type=\"container\" data-e-type=\"container\">\n\t\t\t\t\t<div class=\"e-con-inner\">\n\t\t\t\t<div class=\"elementor-element elementor-element-867bbb3 elementor-widget__width-initial elementor-widget-tablet__width-inherit elementor-widget elementor-widget-image\" data-id=\"867bbb3\" data-element_type=\"widget\" data-e-type=\"widget\" data-widget_type=\"image.default\">\n\t\t\t\t<div class=\"elementor-widget-container\">\n\t\t\t\t\t\t\t\t\t\t\t\t\t\t\t<img fetchpriority=\"high\" decoding=\"async\" width=\"800\" height=\"518\" src=\"https:\/\/www.gron-andersen.es\/wp-content\/uploads\/2016\/02\/sala-2-1024x663.jpg\" class=\"attachment-large size-large wp-image-3563\" alt=\"\" srcset=\"https:\/\/www.gron-andersen.es\/wp-content\/uploads\/2016\/02\/sala-2-1024x663.jpg 1024w, https:\/\/www.gron-andersen.es\/wp-content\/uploads\/2016\/02\/sala-2-300x194.jpg 300w, https:\/\/www.gron-andersen.es\/wp-content\/uploads\/2016\/02\/sala-2-768x497.jpg 768w, https:\/\/www.gron-andersen.es\/wp-content\/uploads\/2016\/02\/sala-2-150x97.jpg 150w\" sizes=\"(max-width: 800px) 100vw, 800px\" \/>\t\t\t\t\t\t\t\t\t\t\t\t\t\t\t<\/div>\n\t\t\t\t<\/div>\n\t\t\t\t<div class=\"elementor-element elementor-element-40789cf elementor-widget__width-initial elementor-widget-tablet__width-inherit elementor-widget elementor-widget-text-editor\" data-id=\"40789cf\" data-element_type=\"widget\" data-e-type=\"widget\" data-widget_type=\"text-editor.default\">\n\t\t\t\t<div class=\"elementor-widget-container\">\n\t\t\t\t\t\t\t\t\t<p>For \u00e5 sikre h\u00f8yest mulig kvalitet i v\u00e5re tjenester samarbeider vi med et solid nettverk av anerkjente advokater. Denne fleksible strukturen gj\u00f8r det mulig for oss \u00e5 h\u00e5ndtere hver sak med n\u00f8dvendig spesialisering og ekspertise.<\/p>\n\t\t\t\t\t\t\t\t<\/div>\n\t\t\t\t<\/div>\n\t\t\t\t\t<\/div>\n\t\t\t\t<\/div>\n\t\t<div class=\"elementor-element elementor-element-1a04312 elementor-hidden-desktop elementor-hidden-tablet elementor-hidden-mobile e-flex e-con-boxed e-con e-parent\" data-id=\"1a04312\" data-element_type=\"container\" data-e-type=\"container\">\n\t\t\t\t\t<div class=\"e-con-inner\">\n\t\t<div class=\"elementor-element elementor-element-9579d8b e-con-full e-flex e-con e-child\" data-id=\"9579d8b\" data-element_type=\"container\" data-e-type=\"container\">\n\t\t<div class=\"elementor-element elementor-element-170e8ed elementor-hidden-desktop elementor-hidden-tablet elementor-hidden-mobile e-con-full e-flex e-con e-child\" data-id=\"170e8ed\" data-element_type=\"container\" data-e-type=\"container\">\n\t\t<div class=\"elementor-element elementor-element-94e61c2 e-con-full e-flex e-con e-child\" data-id=\"94e61c2\" data-element_type=\"container\" data-e-type=\"container\">\n\t\t\t\t<div class=\"elementor-element elementor-element-e8cabd2 elementor-widget elementor-widget-image\" data-id=\"e8cabd2\" data-element_type=\"widget\" data-e-type=\"widget\" data-widget_type=\"image.default\">\n\t\t\t\t<div class=\"elementor-widget-container\">\n\t\t\t\t\t\t\t\t\t\t\t\t\t\t\t<img decoding=\"async\" width=\"450\" height=\"450\" src=\"https:\/\/www.gron-andersen.es\/wp-content\/uploads\/2020\/09\/Javier.jpg\" class=\"attachment-large size-large wp-image-3815\" alt=\"\" srcset=\"https:\/\/www.gron-andersen.es\/wp-content\/uploads\/2020\/09\/Javier.jpg 450w, https:\/\/www.gron-andersen.es\/wp-content\/uploads\/2020\/09\/Javier-300x300.jpg 300w, https:\/\/www.gron-andersen.es\/wp-content\/uploads\/2020\/09\/Javier-150x150.jpg 150w, https:\/\/www.gron-andersen.es\/wp-content\/uploads\/2020\/09\/Javier-210x210.jpg 210w\" sizes=\"(max-width: 450px) 100vw, 450px\" \/>\t\t\t\t\t\t\t\t\t\t\t\t\t\t\t<\/div>\n\t\t\t\t<\/div>\n\t\t\t\t<\/div>\n\t\t<div class=\"elementor-element elementor-element-89a9381 e-con-full e-flex e-con e-child\" data-id=\"89a9381\" data-element_type=\"container\" data-e-type=\"container\">\n\t\t\t\t<div class=\"elementor-element elementor-element-c6dfdfc elementor-widget elementor-widget-text-editor\" data-id=\"c6dfdfc\" data-element_type=\"widget\" data-e-type=\"widget\" data-widget_type=\"text-editor.default\">\n\t\t\t\t<div class=\"elementor-widget-container\">\n\t\t\t\t\t\t\t\t\t<strong>Uddannelse: <\/strong>Uddannet advokat fra M\u00e1laga Universitet<br><br><strong>Professionelt virke:\u00a0<\/strong><br>Spansk advokat, medlem af Advokatkolegiet i M\u00e1laga siden 1996. Javier har studeret en r\u00e6kke special-kurser inden for omr\u00e5der som retsmedicin, rettigheder tilknyttet fast ejendom og familieret samt CARD-kursus (Lederkursus og kompetenceudvikling).Sidst men ikke mindst har Javier ogs\u00e5 gennemf\u00f8rt en Master I MBA ( Master I Business Administration) via det spanske Handelskammer i M\u00e1laga.<br><br>Javiers professionelle erfaringer ligger hovedsagelig indenfor Civil- &amp; Privat Ret specielt indenfor rettigheder tilknyttet fast ejendom og juridiske aspekter ved overdragelse af fast ejendom. Han har igennem en \u00e5rr\u00e6kke r\u00e5dgivet klienter, b\u00e5de privatpersoner og investorer, og assisteret dem ved k\u00f8b og salg af fast ejendom p\u00e5 Costa del Sol. Har s\u00e5ledes erfaring med udarbejdelse af samt forhandling af kontrakter med b\u00e5de Promotorer, ejendomsm\u00e6glere eller direkte med k\u00f8ber eller s\u00e6lger.\t\t\t\t\t\t\t\t<\/div>\n\t\t\t\t<\/div>\n\t\t\t\t<\/div>\n\t\t\t\t<\/div>\n\t\t<div class=\"elementor-element elementor-element-df9a58b e-con-full e-flex e-con e-child\" data-id=\"df9a58b\" data-element_type=\"container\" data-e-type=\"container\">\n\t\t<div class=\"elementor-element elementor-element-2b90bb6 e-con-full e-flex e-con e-child\" data-id=\"2b90bb6\" data-element_type=\"container\" data-e-type=\"container\">\n\t\t\t\t<div class=\"elementor-element elementor-element-385214f elementor-widget elementor-widget-text-editor\" data-id=\"385214f\" data-element_type=\"widget\" data-e-type=\"widget\" data-widget_type=\"text-editor.default\">\n\t\t\t\t<div class=\"elementor-widget-container\">\n\t\t\t\t\t\t\t\t\t<p>For at sikre h\u00f8jeste kvalitet i vores ydelser samarbejder vi med et st\u00e6rkt netv\u00e6rk af anerkendte advokater. Denne fleksible struktur g\u00f8r det muligt for os at h\u00e5ndtere hver sag med den n\u00f8dvendige specialisering og ekspertise<\/p>\n\t\t\t\t\t\t\t\t<\/div>\n\t\t\t\t<\/div>\n\t\t\t\t<\/div>\n\t\t<div class=\"elementor-element elementor-element-3b8a846 e-con-full e-flex e-con e-child\" data-id=\"3b8a846\" data-element_type=\"container\" data-e-type=\"container\">\n\t\t\t\t<div class=\"elementor-element elementor-element-019dd1f elementor-widget elementor-widget-image\" data-id=\"019dd1f\" data-element_type=\"widget\" data-e-type=\"widget\" data-widget_type=\"image.default\">\n\t\t\t\t<div class=\"elementor-widget-container\">\n\t\t\t\t\t\t\t\t\t\t\t\t\t\t\t<img decoding=\"async\" width=\"800\" height=\"533\" src=\"https:\/\/www.gron-andersen.es\/wp-content\/uploads\/2020\/11\/Foto-lena-heidi-y-javir.jpeg\" class=\"attachment-large size-large wp-image-3829\" alt=\"\" srcset=\"https:\/\/www.gron-andersen.es\/wp-content\/uploads\/2020\/11\/Foto-lena-heidi-y-javir.jpeg 800w, https:\/\/www.gron-andersen.es\/wp-content\/uploads\/2020\/11\/Foto-lena-heidi-y-javir-300x200.jpeg 300w, https:\/\/www.gron-andersen.es\/wp-content\/uploads\/2020\/11\/Foto-lena-heidi-y-javir-768x512.jpeg 768w, https:\/\/www.gron-andersen.es\/wp-content\/uploads\/2020\/11\/Foto-lena-heidi-y-javir-150x100.jpeg 150w, https:\/\/www.gron-andersen.es\/wp-content\/uploads\/2020\/11\/Foto-lena-heidi-y-javir-244x163.jpeg 244w\" sizes=\"(max-width: 800px) 100vw, 800px\" \/>\t\t\t\t\t\t\t\t\t\t\t\t\t\t\t<\/div>\n\t\t\t\t<\/div>\n\t\t\t\t<\/div>\n\t\t\t\t<\/div>\n\t\t\t\t<\/div>\n\t\t\t\t\t<\/div>\n\t\t\t\t<\/div>\n\t\t\t\t<\/div>\n\t\t","protected":false},"excerpt":{"rendered":"<p>Advokat Advokat. Medlem av Foreningen for advokater i Malaga (Ilustre Colegio de Abogados) For \u00e5 sikre h\u00f8yest mulig kvalitet i v\u00e5re tjenester samarbeider vi med et solid nettverk av anerkjente advokater. Denne fleksible strukturen gj\u00f8r det mulig for oss \u00e5 h\u00e5ndtere hver sak med n\u00f8dvendig spesialisering og ekspertise. Uddannelse: Uddannet advokat fra M\u00e1laga Universitet Professionelt [&hellip;]<\/p>\n","protected":false},"author":3,"featured_media":0,"parent":0,"menu_order":0,"comment_status":"closed","ping_status":"closed","template":"elementor_header_footer","meta":{"footnotes":"","_links_to":"","_links_to_target":""},"class_list":["post-3943","page","type-page","status-publish","hentry"],"_links":{"self":[{"href":"https:\/\/www.gron-andersen.es\/no\/wp-json\/wp\/v2\/pages\/3943","targetHints":{"allow":["GET"]}}],"collection":[{"href":"https:\/\/www.gron-andersen.es\/no\/wp-json\/wp\/v2\/pages"}],"about":[{"href":"https:\/\/www.gron-andersen.es\/no\/wp-json\/wp\/v2\/types\/page"}],"author":[{"embeddable":true,"href":"https:\/\/www.gron-andersen.es\/no\/wp-json\/wp\/v2\/users\/3"}],"replies":[{"embeddable":true,"href":"https:\/\/www.gron-andersen.es\/no\/wp-json\/wp\/v2\/comments?post=3943"}],"version-history":[{"count":5,"href":"https:\/\/www.gron-andersen.es\/no\/wp-json\/wp\/v2\/pages\/3943\/revisions"}],"predecessor-version":[{"id":4799,"href":"https:\/\/www.gron-andersen.es\/no\/wp-json\/wp\/v2\/pages\/3943\/revisions\/4799"}],"wp:attachment":[{"href":"https:\/\/www.gron-andersen.es\/no\/wp-json\/wp\/v2\/media?parent=3943"}],"curies":[{"name":"wp","href":"https:\/\/api.w.org\/{rel}","templated":true}]}}