{"id":3945,"date":"2022-03-22T14:46:59","date_gmt":"2022-03-22T12:46:59","guid":{"rendered":"https:\/\/www.gron-andersen.es\/arbeidsomraader\/"},"modified":"2026-03-09T17:29:04","modified_gmt":"2026-03-09T16:29:04","slug":"arbeidsomraader","status":"publish","type":"page","link":"https:\/\/www.gron-andersen.es\/no\/arbeidsomraader\/","title":{"rendered":"Arbeidsomr\u00e5der"},"content":{"rendered":"\t\t<div data-elementor-type=\"wp-page\" data-elementor-id=\"3945\" class=\"elementor elementor-3945 elementor-1277\" data-elementor-post-type=\"page\">\n\t\t\t\t\t\t<section class=\"elementor-section elementor-top-section elementor-element elementor-element-3c7c9f04 elementor-section-boxed elementor-section-height-default elementor-section-height-default\" data-id=\"3c7c9f04\" data-element_type=\"section\" data-e-type=\"section\">\n\t\t\t\t\t\t<div class=\"elementor-container elementor-column-gap-default\">\n\t\t\t\t\t<div class=\"elementor-column elementor-col-100 elementor-top-column elementor-element elementor-element-d6a73f6\" data-id=\"d6a73f6\" data-element_type=\"column\" data-e-type=\"column\">\n\t\t\t<div class=\"elementor-widget-wrap elementor-element-populated\">\n\t\t\t\t\t\t<div class=\"elementor-element elementor-element-6efc42c6 elementor-widget elementor-widget-heading\" data-id=\"6efc42c6\" data-element_type=\"widget\" data-e-type=\"widget\" data-widget_type=\"heading.default\">\n\t\t\t\t<div class=\"elementor-widget-container\">\n\t\t\t\t\t<h2 class=\"elementor-heading-title elementor-size-default\">Arbeidsomr\u00e5der<\/h2>\t\t\t\t<\/div>\n\t\t\t\t<\/div>\n\t\t\t\t<div class=\"elementor-element elementor-element-78117d1a elementor-widget__width-initial elementor-absolute elementor-widget-tablet__width-initial elementor-widget elementor-widget-spacer\" data-id=\"78117d1a\" data-element_type=\"widget\" data-e-type=\"widget\" data-settings=\"{&quot;_position&quot;:&quot;absolute&quot;}\" data-widget_type=\"spacer.default\">\n\t\t\t\t<div class=\"elementor-widget-container\">\n\t\t\t\t\t\t\t<div class=\"elementor-spacer\">\n\t\t\t<div class=\"elementor-spacer-inner\"><\/div>\n\t\t<\/div>\n\t\t\t\t\t\t<\/div>\n\t\t\t\t<\/div>\n\t\t\t\t<div class=\"elementor-element elementor-element-427a9755 elementor-widget elementor-widget-heading\" data-id=\"427a9755\" data-element_type=\"widget\" data-e-type=\"widget\" data-widget_type=\"heading.default\">\n\t\t\t\t<div class=\"elementor-widget-container\">\n\t\t\t\t\t<h5 class=\"elementor-heading-title elementor-size-default\">Costa del Sols skandinaviske reception<\/h5>\t\t\t\t<\/div>\n\t\t\t\t<\/div>\n\t\t\t\t<div class=\"elementor-element elementor-element-ed3ae52 elementor-widget elementor-widget-text-editor\" data-id=\"ed3ae52\" data-element_type=\"widget\" data-e-type=\"widget\" data-widget_type=\"text-editor.default\">\n\t\t\t\t<div class=\"elementor-widget-container\">\n\t\t\t\t\t\t\t\t\t<p>Konsulentbyr\u00e5et &laquo;Gr\u00f8n &amp; Andersen&raquo; er det alltid en danske som tar telefonen. Det er bare en detalj, men den inneholder hele ideen.<\/p>\n\t\t\t\t\t\t\t\t<\/div>\n\t\t\t\t<\/div>\n\t\t\t\t\t<\/div>\n\t\t<\/div>\n\t\t\t\t\t<\/div>\n\t\t<\/section>\n\t\t<div class=\"elementor-element elementor-element-5877b65 e-flex e-con-boxed e-con e-parent\" data-id=\"5877b65\" data-element_type=\"container\" data-e-type=\"container\">\n\t\t\t\t\t<div class=\"e-con-inner\">\n\t\t\t\t<div class=\"elementor-element elementor-element-77de16a elementor-cta--skin-cover elementor-cta--valign-bottom elementor-bg-transform elementor-bg-transform-zoom-out elementor-widget__width-initial elementor-widget-mobile__width-inherit elementor-widget elementor-widget-call-to-action\" data-id=\"77de16a\" data-element_type=\"widget\" data-e-type=\"widget\" data-widget_type=\"call-to-action.default\">\n\t\t\t\t<div class=\"elementor-widget-container\">\n\t\t\t\t\t\t\t<div class=\"elementor-cta\">\n\t\t\t\t\t<div class=\"elementor-cta__bg-wrapper\">\n\t\t\t\t<div class=\"elementor-cta__bg elementor-bg\" style=\"background-image: url(https:\/\/www.gron-andersen.es\/wp-content\/uploads\/2016\/08\/Handshake-768x399.jpg);\" role=\"img\" aria-label=\"Handshake-768x399\"><\/div>\n\t\t\t\t<div class=\"elementor-cta__bg-overlay\"><\/div>\n\t\t\t<\/div>\n\t\t\t\t\t\t\t<div class=\"elementor-cta__content\">\n\t\t\t\t\n\t\t\t\t\n\t\t\t\t\n\t\t\t\t\t\t\t\t\t<div class=\"elementor-cta__button-wrapper elementor-cta__content-item elementor-content-item \">\n\t\t\t\t\t<a class=\"elementor-cta__button elementor-button elementor-size-\" href=\"https:\/\/www.gron-andersen.es\/no\/konsulentbureau\/\">\n\t\t\t\t\t\tKonsulentbureau\t\t\t\t\t<\/a>\n\t\t\t\t\t<\/div>\n\t\t\t\t\t\t\t<\/div>\n\t\t\t\t\t\t<\/div>\n\t\t\t\t\t\t<\/div>\n\t\t\t\t<\/div>\n\t\t\t\t<div class=\"elementor-element elementor-element-5032739 elementor-cta--skin-cover elementor-cta--valign-bottom elementor-bg-transform elementor-bg-transform-zoom-out elementor-widget__width-initial elementor-widget-mobile__width-inherit elementor-widget elementor-widget-call-to-action\" data-id=\"5032739\" data-element_type=\"widget\" data-e-type=\"widget\" data-widget_type=\"call-to-action.default\">\n\t\t\t\t<div class=\"elementor-widget-container\">\n\t\t\t\t\t\t\t<div class=\"elementor-cta\">\n\t\t\t\t\t<div class=\"elementor-cta__bg-wrapper\">\n\t\t\t\t<div class=\"elementor-cta__bg elementor-bg\" style=\"background-image: url(https:\/\/www.gron-andersen.es\/wp-content\/uploads\/2016\/08\/no-residentes.jpg);\" role=\"img\" aria-label=\"no-residentes\"><\/div>\n\t\t\t\t<div class=\"elementor-cta__bg-overlay\"><\/div>\n\t\t\t<\/div>\n\t\t\t\t\t\t\t<div class=\"elementor-cta__content\">\n\t\t\t\t\n\t\t\t\t\n\t\t\t\t\n\t\t\t\t\t\t\t\t\t<div class=\"elementor-cta__button-wrapper elementor-cta__content-item elementor-content-item \">\n\t\t\t\t\t<a class=\"elementor-cta__button elementor-button elementor-size-\" href=\"https:\/\/www.gron-andersen.es\/no\/ikke-resident-opgoerelser\/\">\n\t\t\t\t\t\tIkke resident opg\u00f8relser\t\t\t\t\t<\/a>\n\t\t\t\t\t<\/div>\n\t\t\t\t\t\t\t<\/div>\n\t\t\t\t\t\t<\/div>\n\t\t\t\t\t\t<\/div>\n\t\t\t\t<\/div>\n\t\t\t\t<div class=\"elementor-element elementor-element-98499ed elementor-cta--skin-cover elementor-cta--valign-bottom elementor-bg-transform elementor-bg-transform-zoom-out elementor-widget__width-initial elementor-widget-mobile__width-inherit elementor-widget elementor-widget-call-to-action\" data-id=\"98499ed\" data-element_type=\"widget\" data-e-type=\"widget\" data-widget_type=\"call-to-action.default\">\n\t\t\t\t<div class=\"elementor-widget-container\">\n\t\t\t\t\t\t\t<div class=\"elementor-cta\">\n\t\t\t\t\t<div class=\"elementor-cta__bg-wrapper\">\n\t\t\t\t<div class=\"elementor-cta__bg elementor-bg\" style=\"background-image: url(https:\/\/www.gron-andersen.es\/wp-content\/uploads\/2016\/08\/abogados.jpg);\" role=\"img\" aria-label=\"abogados\"><\/div>\n\t\t\t\t<div class=\"elementor-cta__bg-overlay\"><\/div>\n\t\t\t<\/div>\n\t\t\t\t\t\t\t<div class=\"elementor-cta__content\">\n\t\t\t\t\n\t\t\t\t\n\t\t\t\t\n\t\t\t\t\t\t\t\t\t<div class=\"elementor-cta__button-wrapper elementor-cta__content-item elementor-content-item \">\n\t\t\t\t\t<a class=\"elementor-cta__button elementor-button elementor-size-\" href=\"https:\/\/www.gron-andersen.es\/no\/donasjon-i-spania-planlegging-med-omtanke\/\">\n\t\t\t\t\t\tDonasjon i Spania\t\t\t\t\t<\/a>\n\t\t\t\t\t<\/div>\n\t\t\t\t\t\t\t<\/div>\n\t\t\t\t\t\t<\/div>\n\t\t\t\t\t\t<\/div>\n\t\t\t\t<\/div>\n\t\t\t\t<div class=\"elementor-element elementor-element-441ada0 elementor-cta--skin-cover elementor-cta--valign-bottom elementor-bg-transform elementor-bg-transform-zoom-out elementor-widget__width-initial elementor-widget-mobile__width-inherit elementor-widget elementor-widget-call-to-action\" data-id=\"441ada0\" data-element_type=\"widget\" data-e-type=\"widget\" data-widget_type=\"call-to-action.default\">\n\t\t\t\t<div class=\"elementor-widget-container\">\n\t\t\t\t\t\t\t<div class=\"elementor-cta\">\n\t\t\t\t\t<div class=\"elementor-cta__bg-wrapper\">\n\t\t\t\t<div class=\"elementor-cta__bg elementor-bg\" style=\"background-image: url(https:\/\/www.gron-andersen.es\/wp-content\/uploads\/2026\/01\/Kob-af-bolig-i-Spanien-for-aegtefaeller-1024x567.jpg);\" role=\"img\" aria-label=\"K\u00f8b af bolig i Spanien for \u00e6gtef\u00e6ller\"><\/div>\n\t\t\t\t<div class=\"elementor-cta__bg-overlay\"><\/div>\n\t\t\t<\/div>\n\t\t\t\t\t\t\t<div class=\"elementor-cta__content\">\n\t\t\t\t\n\t\t\t\t\n\t\t\t\t\n\t\t\t\t\t\t\t\t\t<div class=\"elementor-cta__button-wrapper elementor-cta__content-item elementor-content-item \">\n\t\t\t\t\t<a class=\"elementor-cta__button elementor-button elementor-size-\" href=\"https:\/\/www.gron-andersen.es\/no\/extincion-de-condominio-i-spania\/\">\n\t\t\t\t\t\tExtinci\u00f3n de Condominio i Spanien\t\t\t\t\t<\/a>\n\t\t\t\t\t<\/div>\n\t\t\t\t\t\t\t<\/div>\n\t\t\t\t\t\t<\/div>\n\t\t\t\t\t\t<\/div>\n\t\t\t\t<\/div>\n\t\t\t\t<div class=\"elementor-element elementor-element-5547233 elementor-cta--skin-cover elementor-cta--valign-bottom elementor-bg-transform elementor-bg-transform-zoom-out elementor-widget__width-initial elementor-widget-mobile__width-inherit elementor-widget elementor-widget-call-to-action\" data-id=\"5547233\" data-element_type=\"widget\" data-e-type=\"widget\" data-widget_type=\"call-to-action.default\">\n\t\t\t\t<div class=\"elementor-widget-container\">\n\t\t\t\t\t\t\t<div class=\"elementor-cta\">\n\t\t\t\t\t<div class=\"elementor-cta__bg-wrapper\">\n\t\t\t\t<div class=\"elementor-cta__bg elementor-bg\" style=\"background-image: url(https:\/\/www.gron-andersen.es\/wp-content\/uploads\/2025\/11\/Arv-i-Spanien-1024x419.jpg);\" role=\"img\" aria-label=\"Arv i Spanien\"><\/div>\n\t\t\t\t<div class=\"elementor-cta__bg-overlay\"><\/div>\n\t\t\t<\/div>\n\t\t\t\t\t\t\t<div class=\"elementor-cta__content\">\n\t\t\t\t\n\t\t\t\t\n\t\t\t\t\n\t\t\t\t\t\t\t\t\t<div class=\"elementor-cta__button-wrapper elementor-cta__content-item elementor-content-item \">\n\t\t\t\t\t<a class=\"elementor-cta__button elementor-button elementor-size-\" href=\"https:\/\/www.gron-andersen.es\/no\/arv-i-spanien\/\">\n\t\t\t\t\t\tArv I Spanien\t\t\t\t\t<\/a>\n\t\t\t\t\t<\/div>\n\t\t\t\t\t\t\t<\/div>\n\t\t\t\t\t\t<\/div>\n\t\t\t\t\t\t<\/div>\n\t\t\t\t<\/div>\n\t\t\t\t\t<\/div>\n\t\t\t\t<\/div>\n\t\t\t\t<\/div>\n\t\t","protected":false},"excerpt":{"rendered":"<p>Arbeidsomr\u00e5der Costa del Sols skandinaviske reception Konsulentbyr\u00e5et &laquo;Gr\u00f8n &amp; Andersen&raquo; er det alltid en danske som tar telefonen. Det er bare en detalj, men den inneholder hele ideen. Konsulentbureau Ikke resident opg\u00f8relser Donasjon i Spania Extinci\u00f3n de Condominio i Spanien Arv I Spanien<\/p>\n","protected":false},"author":3,"featured_media":0,"parent":0,"menu_order":0,"comment_status":"closed","ping_status":"closed","template":"elementor_header_footer","meta":{"footnotes":"","_links_to":"","_links_to_target":""},"class_list":["post-3945","page","type-page","status-publish","hentry"],"_links":{"self":[{"href":"https:\/\/www.gron-andersen.es\/no\/wp-json\/wp\/v2\/pages\/3945","targetHints":{"allow":["GET"]}}],"collection":[{"href":"https:\/\/www.gron-andersen.es\/no\/wp-json\/wp\/v2\/pages"}],"about":[{"href":"https:\/\/www.gron-andersen.es\/no\/wp-json\/wp\/v2\/types\/page"}],"author":[{"embeddable":true,"href":"https:\/\/www.gron-andersen.es\/no\/wp-json\/wp\/v2\/users\/3"}],"replies":[{"embeddable":true,"href":"https:\/\/www.gron-andersen.es\/no\/wp-json\/wp\/v2\/comments?post=3945"}],"version-history":[{"count":9,"href":"https:\/\/www.gron-andersen.es\/no\/wp-json\/wp\/v2\/pages\/3945\/revisions"}],"predecessor-version":[{"id":4772,"href":"https:\/\/www.gron-andersen.es\/no\/wp-json\/wp\/v2\/pages\/3945\/revisions\/4772"}],"wp:attachment":[{"href":"https:\/\/www.gron-andersen.es\/no\/wp-json\/wp\/v2\/media?parent=3945"}],"curies":[{"name":"wp","href":"https:\/\/api.w.org\/{rel}","templated":true}]}}