{"id":3949,"date":"2022-03-22T14:52:22","date_gmt":"2022-03-22T12:52:22","guid":{"rendered":"https:\/\/www.gron-andersen.es\/om-oss\/"},"modified":"2022-08-10T13:12:08","modified_gmt":"2022-08-10T11:12:08","slug":"om-oss","status":"publish","type":"page","link":"https:\/\/www.gron-andersen.es\/no\/om-oss\/","title":{"rendered":"Om oss"},"content":{"rendered":"\t\t<div data-elementor-type=\"wp-page\" data-elementor-id=\"3949\" class=\"elementor elementor-3949 elementor-813\" data-elementor-post-type=\"page\">\n\t\t\t\t\t\t<section class=\"elementor-section elementor-top-section elementor-element elementor-element-16982910 elementor-section-boxed elementor-section-height-default elementor-section-height-default\" data-id=\"16982910\" data-element_type=\"section\" data-e-type=\"section\">\n\t\t\t\t\t\t<div class=\"elementor-container elementor-column-gap-default\">\n\t\t\t\t\t<div class=\"elementor-column elementor-col-100 elementor-top-column elementor-element elementor-element-4962b77\" data-id=\"4962b77\" data-element_type=\"column\" data-e-type=\"column\">\n\t\t\t<div class=\"elementor-widget-wrap elementor-element-populated\">\n\t\t\t\t\t\t<div class=\"elementor-element elementor-element-6aff5824 elementor-widget elementor-widget-heading\" data-id=\"6aff5824\" data-element_type=\"widget\" data-e-type=\"widget\" data-widget_type=\"heading.default\">\n\t\t\t\t<div class=\"elementor-widget-container\">\n\t\t\t\t\t<h2 class=\"elementor-heading-title elementor-size-default\">Om oss<\/h2>\t\t\t\t<\/div>\n\t\t\t\t<\/div>\n\t\t\t\t<div class=\"elementor-element elementor-element-2f69bcf2 elementor-widget__width-initial elementor-absolute elementor-widget-tablet__width-initial elementor-widget elementor-widget-spacer\" data-id=\"2f69bcf2\" data-element_type=\"widget\" data-e-type=\"widget\" data-settings=\"{&quot;_position&quot;:&quot;absolute&quot;}\" data-widget_type=\"spacer.default\">\n\t\t\t\t<div class=\"elementor-widget-container\">\n\t\t\t\t\t\t\t<div class=\"elementor-spacer\">\n\t\t\t<div class=\"elementor-spacer-inner\"><\/div>\n\t\t<\/div>\n\t\t\t\t\t\t<\/div>\n\t\t\t\t<\/div>\n\t\t\t\t<div class=\"elementor-element elementor-element-6de2f0aa elementor-widget elementor-widget-heading\" data-id=\"6de2f0aa\" data-element_type=\"widget\" data-e-type=\"widget\" data-widget_type=\"heading.default\">\n\t\t\t\t<div class=\"elementor-widget-container\">\n\t\t\t\t\t<h5 class=\"elementor-heading-title elementor-size-default\">Costa del Sols skandinaviske reception<\/h5>\t\t\t\t<\/div>\n\t\t\t\t<\/div>\n\t\t\t\t<div class=\"elementor-element elementor-element-54dfbad4 elementor-widget elementor-widget-text-editor\" data-id=\"54dfbad4\" data-element_type=\"widget\" data-e-type=\"widget\" data-widget_type=\"text-editor.default\">\n\t\t\t\t<div class=\"elementor-widget-container\">\n\t\t\t\t\t\t\t\t\tKonsulentbyr\u00e5et &laquo;Gr\u00f8n &amp; Andersen&raquo; er det alltid en danske som tar telefonen. Det er bare en detalj, men den inneholder hele ideen.\t\t\t\t\t\t\t\t<\/div>\n\t\t\t\t<\/div>\n\t\t\t\t\t<\/div>\n\t\t<\/div>\n\t\t\t\t\t<\/div>\n\t\t<\/section>\n\t\t\t\t<section class=\"elementor-section elementor-top-section elementor-element elementor-element-21f8bf9f elementor-reverse-tablet elementor-reverse-mobile elementor-section-boxed elementor-section-height-default elementor-section-height-default\" data-id=\"21f8bf9f\" data-element_type=\"section\" data-e-type=\"section\">\n\t\t\t\t\t\t<div class=\"elementor-container elementor-column-gap-no\">\n\t\t\t\t\t<div class=\"elementor-column elementor-col-50 elementor-top-column elementor-element elementor-element-2295b765\" data-id=\"2295b765\" data-element_type=\"column\" data-e-type=\"column\">\n\t\t\t<div class=\"elementor-widget-wrap elementor-element-populated\">\n\t\t\t\t\t\t<div class=\"elementor-element elementor-element-65a4734 elementor-widget elementor-widget-heading\" data-id=\"65a4734\" data-element_type=\"widget\" data-e-type=\"widget\" data-widget_type=\"heading.default\">\n\t\t\t\t<div class=\"elementor-widget-container\">\n\t\t\t\t\t<h5 class=\"elementor-heading-title elementor-size-default\">Begynnelsen<\/h5>\t\t\t\t<\/div>\n\t\t\t\t<\/div>\n\t\t\t\t<div class=\"elementor-element elementor-element-7e29a499 elementor-widget elementor-widget-text-editor\" data-id=\"7e29a499\" data-element_type=\"widget\" data-e-type=\"widget\" data-widget_type=\"text-editor.default\">\n\t\t\t\t<div class=\"elementor-widget-container\">\n\t\t\t\t\t\t\t\t\t<p class=\"p1\">Partnerne Lena Gr\u00f8n og Heidi Andersen har til sammen et kvart \u00e5rhundres erfaring med \u00e5 gi r\u00e5d i spanske saker. De har l\u00e6rt det gjennom et annet lokalt selskap, Cyclo, men Gr\u00f8n &amp; Andersen har kommet til verden for \u00e5 yte en spesialisert tjeneste til den skandinaviske kundegruppen. \u00abP\u00e5 Cyclo hadde vi etter hvert 20 ansatte. De viktigste arbeidsspr\u00e5kene var spansk og engelsk, og ofte f\u00e5r folk ikke ut hele greia n\u00e5r det er en engelsktalende i den andre enden av linja, sier Heidi Andersen. Hun er utdannet sivil\u00f8konom ved Handelsh\u00f8yskolen i Aarhus, og to \u00e5r senere var hun med fra starten da Cyclo ble stiftet i 1996.<\/p>\t\t\t\t\t\t\t\t<\/div>\n\t\t\t\t<\/div>\n\t\t\t\t\t<\/div>\n\t\t<\/div>\n\t\t\t\t<div class=\"elementor-column elementor-col-50 elementor-top-column elementor-element elementor-element-55e5233b\" data-id=\"55e5233b\" data-element_type=\"column\" data-e-type=\"column\" data-settings=\"{&quot;background_background&quot;:&quot;classic&quot;}\">\n\t\t\t<div class=\"elementor-widget-wrap elementor-element-populated\">\n\t\t\t\t\t\t<div class=\"elementor-element elementor-element-466e8897 elementor-widget elementor-widget-spacer\" data-id=\"466e8897\" data-element_type=\"widget\" data-e-type=\"widget\" data-widget_type=\"spacer.default\">\n\t\t\t\t<div class=\"elementor-widget-container\">\n\t\t\t\t\t\t\t<div class=\"elementor-spacer\">\n\t\t\t<div class=\"elementor-spacer-inner\"><\/div>\n\t\t<\/div>\n\t\t\t\t\t\t<\/div>\n\t\t\t\t<\/div>\n\t\t\t\t\t<\/div>\n\t\t<\/div>\n\t\t\t\t\t<\/div>\n\t\t<\/section>\n\t\t\t\t<section class=\"elementor-section elementor-top-section elementor-element elementor-element-3b5dc741 elementor-reverse-tablet elementor-reverse-mobile elementor-section-boxed elementor-section-height-default elementor-section-height-default\" data-id=\"3b5dc741\" data-element_type=\"section\" data-e-type=\"section\">\n\t\t\t\t\t\t<div class=\"elementor-container elementor-column-gap-no\">\n\t\t\t\t\t<div class=\"elementor-column elementor-col-50 elementor-top-column elementor-element elementor-element-851edd8\" data-id=\"851edd8\" data-element_type=\"column\" data-e-type=\"column\" data-settings=\"{&quot;background_background&quot;:&quot;classic&quot;}\">\n\t\t\t<div class=\"elementor-widget-wrap elementor-element-populated\">\n\t\t\t\t\t\t<div class=\"elementor-element elementor-element-79f3ec00 elementor-widget elementor-widget-spacer\" data-id=\"79f3ec00\" data-element_type=\"widget\" data-e-type=\"widget\" data-widget_type=\"spacer.default\">\n\t\t\t\t<div class=\"elementor-widget-container\">\n\t\t\t\t\t\t\t<div class=\"elementor-spacer\">\n\t\t\t<div class=\"elementor-spacer-inner\"><\/div>\n\t\t<\/div>\n\t\t\t\t\t\t<\/div>\n\t\t\t\t<\/div>\n\t\t\t\t\t<\/div>\n\t\t<\/div>\n\t\t\t\t<div class=\"elementor-column elementor-col-50 elementor-top-column elementor-element elementor-element-45e6f61a\" data-id=\"45e6f61a\" data-element_type=\"column\" data-e-type=\"column\">\n\t\t\t<div class=\"elementor-widget-wrap elementor-element-populated\">\n\t\t\t\t\t\t<div class=\"elementor-element elementor-element-4d193591 elementor-widget elementor-widget-heading\" data-id=\"4d193591\" data-element_type=\"widget\" data-e-type=\"widget\" data-widget_type=\"heading.default\">\n\t\t\t\t<div class=\"elementor-widget-container\">\n\t\t\t\t\t<h5 class=\"elementor-heading-title elementor-size-default\">Gr\u00f8n &amp; Andersen<\/h5>\t\t\t\t<\/div>\n\t\t\t\t<\/div>\n\t\t\t\t<div class=\"elementor-element elementor-element-321f694d elementor-widget elementor-widget-text-editor\" data-id=\"321f694d\" data-element_type=\"widget\" data-e-type=\"widget\" data-widget_type=\"text-editor.default\">\n\t\t\t\t<div class=\"elementor-widget-container\">\n\t\t\t\t\t\t\t\t\t<p class=\"p1\">\u201dHer er vi kun fire medarbejdere, men vi arbejder m\u00e5lrettet med skandinaverne. Vi s\u00e6tter os med dem, og over en kop kaffe ordner vi tingene p\u00e5 vores egen m\u00e5de,\u201d supplerer Lena Gr\u00f8n, der har boet det meste af livet i Spanien og blandt andet har en uddannelse inden for udl\u00e6ndingelovgivning \/ migration. I 2004 fik hun job i Cyclo, og fire \u00e5r senere blev hun medejer. Som barn af et dansk-norsk \u00e6gteskab snakker hun to skandinaviske sprog. Staben best\u00e5r af Eva og Silvia. Hov \u2013 to spanier? Men Eva og Silvia, der er uddannet som direktionssekret\u00e6r og taler flydende engelsk, er i virkeligheden valgt ud af fra den samme filosofi om at man sprog- og mentalitetsm\u00e6ssigt kommunikerer bedst med sine egne. N\u00e5r de andre har forberedt kundens papirer, er det Eva som ta\u2019r med ud til myndighederne og ordner det praktiske med dem.<\/p>\t\t\t\t\t\t\t\t<\/div>\n\t\t\t\t<\/div>\n\t\t\t\t\t<\/div>\n\t\t<\/div>\n\t\t\t\t\t<\/div>\n\t\t<\/section>\n\t\t\t\t<section class=\"elementor-section elementor-top-section elementor-element elementor-element-29b2da25 elementor-reverse-tablet elementor-reverse-mobile elementor-section-boxed elementor-section-height-default elementor-section-height-default\" data-id=\"29b2da25\" data-element_type=\"section\" data-e-type=\"section\">\n\t\t\t\t\t\t<div class=\"elementor-container elementor-column-gap-no\">\n\t\t\t\t\t<div class=\"elementor-column elementor-col-50 elementor-top-column elementor-element elementor-element-f6fc3bb\" data-id=\"f6fc3bb\" data-element_type=\"column\" data-e-type=\"column\">\n\t\t\t<div class=\"elementor-widget-wrap elementor-element-populated\">\n\t\t\t\t\t\t<div class=\"elementor-element elementor-element-5c98869f elementor-widget elementor-widget-text-editor\" data-id=\"5c98869f\" data-element_type=\"widget\" data-e-type=\"widget\" data-widget_type=\"text-editor.default\">\n\t\t\t\t<div class=\"elementor-widget-container\">\n\t\t\t\t\t\t\t\t\t<p class=\"p1\">Lena og Heidis gamle kunder er vant til en total service p\u00e5 alle saker n\u00e5r det gjelder boligkj\u00f8p, opphold og arbeid i Spania. Partnerne tilbyr fortsatt dette fordi Gr\u00f8n &amp; Andersen samarbeider med advokater som er spesialister p\u00e5 ulike omr\u00e5der. Dersom oppgaven ikke kan l\u00f8ses av den lille bedriften, trer andre spesialister til som de samarbeider med. Det nye konsulentbyr\u00e5et fungerer som et skandinavisk mottak som koordinerer det tverrfaglige samarbeidet og bist\u00e5r kundene p\u00e5 dansk gjennom hele prosessen. Folk f\u00e5r svar p\u00e5 alle sp\u00f8rsm\u00e5lene sine om livet i Spania \u2013 s\u00e5 lenge de husker \u00e5 stille dem. Dette er kanskje ofte det egentlige problemet, og det Gr\u00f8n &amp; Andersen m\u00e5 forhindre.<\/p>\t\t\t\t\t\t\t\t<\/div>\n\t\t\t\t<\/div>\n\t\t\t\t\t<\/div>\n\t\t<\/div>\n\t\t\t\t<div class=\"elementor-column elementor-col-50 elementor-top-column elementor-element elementor-element-b7c188f\" data-id=\"b7c188f\" data-element_type=\"column\" data-e-type=\"column\" data-settings=\"{&quot;background_background&quot;:&quot;classic&quot;}\">\n\t\t\t<div class=\"elementor-widget-wrap elementor-element-populated\">\n\t\t\t\t\t\t<div class=\"elementor-element elementor-element-2c150e01 elementor-widget elementor-widget-spacer\" data-id=\"2c150e01\" data-element_type=\"widget\" data-e-type=\"widget\" data-widget_type=\"spacer.default\">\n\t\t\t\t<div class=\"elementor-widget-container\">\n\t\t\t\t\t\t\t<div class=\"elementor-spacer\">\n\t\t\t<div class=\"elementor-spacer-inner\"><\/div>\n\t\t<\/div>\n\t\t\t\t\t\t<\/div>\n\t\t\t\t<\/div>\n\t\t\t\t\t<\/div>\n\t\t<\/div>\n\t\t\t\t\t<\/div>\n\t\t<\/section>\n\t\t\t\t<section class=\"elementor-section elementor-top-section elementor-element elementor-element-2d66fef elementor-reverse-tablet elementor-reverse-mobile elementor-section-boxed elementor-section-height-default elementor-section-height-default\" data-id=\"2d66fef\" data-element_type=\"section\" data-e-type=\"section\">\n\t\t\t\t\t\t<div class=\"elementor-container elementor-column-gap-no\">\n\t\t\t\t\t<div class=\"elementor-column elementor-col-100 elementor-top-column elementor-element elementor-element-60f3396\" data-id=\"60f3396\" data-element_type=\"column\" data-e-type=\"column\">\n\t\t\t<div class=\"elementor-widget-wrap elementor-element-populated\">\n\t\t\t\t\t\t<div class=\"elementor-element elementor-element-a83e9e6 elementor-widget elementor-widget-text-editor\" data-id=\"a83e9e6\" data-element_type=\"widget\" data-e-type=\"widget\" data-widget_type=\"text-editor.default\">\n\t\t\t\t<div class=\"elementor-widget-container\">\n\t\t\t\t\t\t\t\t\t<p class=\"p1\">\u00abJeg h\u00f8rer ofte folk klage fordi en advokat eller en eiendomsmegler ikke har forklart noen ting, som er en selvf\u00f8lge i Spania, men ikke i Skandinavia. Folk blir ofre for sin egen uvitenhet, sier Heidi Andersen. \u2014 Etterp\u00e5 kan du ikke unnskylde deg med uvitenhet, for du har en plikt til \u00e5 vite det, advarer Lena Gr\u00f8n. Disse problemene er lettere \u00e5 forutse hos et konsulentbyr\u00e5 med skandinavisk fokus. Informasjon om nye lover og regler sendes ut til alle som har f\u00e5tt opprettet journal som f\u00f8lge av flytting eller huskj\u00f8p. Andre ting dukker opp automatisk under en liten snakk i en annen sammenheng: \u00abtenker du \u00e5 selge din spanske bolig? S\u00e5 kan jeg informere at kanskje inn at om et \u00e5r blir det mye billigere skattemessig fordi man passerer en aldersgrense. Det er fordelen med arbeidsprosessen hos Gr\u00f8n &amp; Andersen, sier Heidi Andersen.<\/p>\t\t\t\t\t\t\t\t<\/div>\n\t\t\t\t<\/div>\n\t\t\t\t\t<\/div>\n\t\t<\/div>\n\t\t\t\t\t<\/div>\n\t\t<\/section>\n\t\t\t\t<\/div>\n\t\t","protected":false},"excerpt":{"rendered":"<p>Om oss Costa del Sols skandinaviske reception Konsulentbyr\u00e5et &laquo;Gr\u00f8n &amp; Andersen&raquo; er det alltid en danske som tar telefonen. Det er bare en detalj, men den inneholder hele ideen. Begynnelsen Partnerne Lena Gr\u00f8n og Heidi Andersen har til sammen et kvart \u00e5rhundres erfaring med \u00e5 gi r\u00e5d i spanske saker. De har l\u00e6rt det gjennom [&hellip;]<\/p>\n","protected":false},"author":3,"featured_media":0,"parent":0,"menu_order":0,"comment_status":"closed","ping_status":"closed","template":"elementor_header_footer","meta":{"footnotes":"","_links_to":"","_links_to_target":""},"class_list":["post-3949","page","type-page","status-publish","hentry"],"_links":{"self":[{"href":"https:\/\/www.gron-andersen.es\/no\/wp-json\/wp\/v2\/pages\/3949","targetHints":{"allow":["GET"]}}],"collection":[{"href":"https:\/\/www.gron-andersen.es\/no\/wp-json\/wp\/v2\/pages"}],"about":[{"href":"https:\/\/www.gron-andersen.es\/no\/wp-json\/wp\/v2\/types\/page"}],"author":[{"embeddable":true,"href":"https:\/\/www.gron-andersen.es\/no\/wp-json\/wp\/v2\/users\/3"}],"replies":[{"embeddable":true,"href":"https:\/\/www.gron-andersen.es\/no\/wp-json\/wp\/v2\/comments?post=3949"}],"version-history":[{"count":3,"href":"https:\/\/www.gron-andersen.es\/no\/wp-json\/wp\/v2\/pages\/3949\/revisions"}],"predecessor-version":[{"id":4221,"href":"https:\/\/www.gron-andersen.es\/no\/wp-json\/wp\/v2\/pages\/3949\/revisions\/4221"}],"wp:attachment":[{"href":"https:\/\/www.gron-andersen.es\/no\/wp-json\/wp\/v2\/media?parent=3949"}],"curies":[{"name":"wp","href":"https:\/\/api.w.org\/{rel}","templated":true}]}}