{"id":3960,"date":"2022-03-22T16:08:49","date_gmt":"2022-03-22T14:08:49","guid":{"rendered":"https:\/\/www.gron-andersen.es\/proteccion-de-datos\/"},"modified":"2022-03-22T16:08:49","modified_gmt":"2022-03-22T14:08:49","slug":"proteccion-de-datos","status":"publish","type":"page","link":"https:\/\/www.gron-andersen.es\/no\/proteccion-de-datos\/","title":{"rendered":"Protecci\u00f3n de datos"},"content":{"rendered":"\t\t<div data-elementor-type=\"wp-page\" data-elementor-id=\"3960\" class=\"elementor elementor-3960 elementor-1470\" data-elementor-post-type=\"page\">\n\t\t\t\t\t\t<section class=\"elementor-section elementor-top-section elementor-element elementor-element-ae7ea07 elementor-section-boxed elementor-section-height-default elementor-section-height-default\" data-id=\"ae7ea07\" data-element_type=\"section\" data-e-type=\"section\">\n\t\t\t\t\t\t<div class=\"elementor-container elementor-column-gap-default\">\n\t\t\t\t\t<div class=\"elementor-column elementor-col-100 elementor-top-column elementor-element elementor-element-2d056a3a\" data-id=\"2d056a3a\" data-element_type=\"column\" data-e-type=\"column\">\n\t\t\t<div class=\"elementor-widget-wrap elementor-element-populated\">\n\t\t\t\t\t\t<div class=\"elementor-element elementor-element-18d0ae5b elementor-widget elementor-widget-heading\" data-id=\"18d0ae5b\" data-element_type=\"widget\" data-e-type=\"widget\" data-widget_type=\"heading.default\">\n\t\t\t\t<div class=\"elementor-widget-container\">\n\t\t\t\t\t<h2 class=\"elementor-heading-title elementor-size-default\">Protecci\u00f3n de datos<\/h2>\t\t\t\t<\/div>\n\t\t\t\t<\/div>\n\t\t\t\t\t<\/div>\n\t\t<\/div>\n\t\t\t\t\t<\/div>\n\t\t<\/section>\n\t\t\t\t<section class=\"elementor-section elementor-top-section elementor-element elementor-element-7ec581d2 elementor-section-boxed elementor-section-height-default elementor-section-height-default\" data-id=\"7ec581d2\" data-element_type=\"section\" data-e-type=\"section\">\n\t\t\t\t\t\t<div class=\"elementor-container elementor-column-gap-default\">\n\t\t\t\t\t<div class=\"elementor-column elementor-col-100 elementor-top-column elementor-element elementor-element-669aa2b6\" data-id=\"669aa2b6\" data-element_type=\"column\" data-e-type=\"column\">\n\t\t\t<div class=\"elementor-widget-wrap elementor-element-populated\">\n\t\t\t\t\t\t<div class=\"elementor-element elementor-element-653579d1 elementor-widget elementor-widget-text-editor\" data-id=\"653579d1\" data-element_type=\"widget\" data-e-type=\"widget\" data-widget_type=\"text-editor.default\">\n\t\t\t\t<div class=\"elementor-widget-container\">\n\t\t\t\t\t\t\t\t\t<p>De conformidad con lo establecido en el art\u00edculo 5 de la Ley Org\u00e1nica 15\/1999 de 13 de diciembre de Protecci\u00f3n de Datos de Car\u00e1cter Personal, se informa a las personas que solicitaron nuestros servicios, que los datos personales recogidos ser\u00e1n incorporados a un fichero denominado CLIENTES Y\/O PROVEEDORES, cuyo responsable es la asesor\u00eda GRON &amp; ANDERSEN S.C. , domiciliada en la Avenida Ram\u00f3n y Cajal, n\u00ba 2, edificio Zalaca\u00edn, 3\u00ba F, de Fuengirola, con C.P. 29.640, cuya finalidad es la de dar de manera personalizada el servicio requerido en cada caso, v\u00eda email, postal u otras v\u00edas, a lo que el titular de los datos personales otorga su consentimiento expreso, el cual puede revocar cuando desee. El titular podr\u00e1 ejercitar sus derechos de acceso, rectificaci\u00f3n, cancelaci\u00f3n, u oposici\u00f3n, dirigi\u00e9ndose al Responsable del Fichero a la direcci\u00f3n postal antes rese\u00f1ada, al tel\u00e9fono 951910649, o al email\u00a0lena@www.gron-andersen.es<br \/>La informaci\u00f3n contenida en el presente mensaje de correo electr\u00f3nico es confidencial, y su acceso \u00fanicamente est\u00e1 autorizado al destinatario original del mismo, quedando prohibida cualquier comunicaci\u00f3n, divulgaci\u00f3n, o reenv\u00edo, tanto del mensaje como de su contenido. En el supuesto de que usted no sea el destinatario autorizado, le rogamos borre el contenido del mensaje, y nos comunique dicha circunstancia a trav\u00e9s de un mensaje de correo electr\u00f3nico a la direcci\u00f3n indicada anteriormente.<\/p>\t\t\t\t\t\t\t\t<\/div>\n\t\t\t\t<\/div>\n\t\t\t\t<div class=\"elementor-element elementor-element-33f9451 elementor-widget elementor-widget-text-editor\" data-id=\"33f9451\" data-element_type=\"widget\" data-e-type=\"widget\" data-widget_type=\"text-editor.default\">\n\t\t\t\t<div class=\"elementor-widget-container\">\n\t\t\t\t\t\t\t\t\t<p><strong style=\"color: var( --e-global-color-text ); font-family: var( --e-global-typography-text-font-family ), Sans-serif; font-size: 1rem;\">Data beskyttelse<\/strong><\/p><p>I overensstemmelse med bestemmelserne i artikel 5 i lov nr. 15\/1999 af 13. december (Ley Organica 15\/1999), den spanske lov om Persondatabeskyttelse, informerer vi vore klienter om, at deres personoplysninger bliver registreret i vor kundedatabase, hvor den ansvarlige er konsulentbureauetGRON &amp; ANDERSEN S.C., med adresse i Avenida Ram\u00f3n y Cajal, nr. 2, Edif. Zalaca\u00edn,\u00a03. sal. F, Fuengirola, med CP\u00a029.640, og har som form\u00e5l at give den personlig service, som hvert enkelt tilf\u00e6lde kr\u00e6ver, via e-mail, post eller via andre medier, og indehaveren af de personlige data giver hermed tilladelse til dette, men kan til enhver tid tilbagekalde denne tilladelse hvis de \u00f8nsker det.\u00a0Indehaveren har ret til at f\u00e5 adgang, \u00e6ndre, annullere eller opponere mod dette, og b\u00f8r i s\u00e5 fald rette henvendelse til den ansvarlige for databasen p\u00e5 tidligere n\u00e6vnte adresse, p\u00e5 telefonnr.\u00a0951910649\u00a0eller via e-mail\u00a0lena@www.gron-andersen.es<br \/>Oplysningerne i denne e-mail er fortrolige, og adgangen til denne er kun tilladt den person mailen er tilt\u00e6nkt, og enhver form for kommunikation, videresendelse eller offentligg\u00f8relse er forbudt b\u00e5de vedr\u00f8rende meddelelsen og dens indhold.\u00a0Ifald de ikke er den person mailen er tilt\u00e6nkt, beder vi dem slette indholdet af denne e-mail og giver os besked om dette enten via e-mail eller p\u00e5 ovenst\u00e5ende adresse.<\/p>\t\t\t\t\t\t\t\t<\/div>\n\t\t\t\t<\/div>\n\t\t\t\t\t<\/div>\n\t\t<\/div>\n\t\t\t\t\t<\/div>\n\t\t<\/section>\n\t\t\t\t<\/div>\n\t\t","protected":false},"excerpt":{"rendered":"<p>Protecci\u00f3n de datos De conformidad con lo establecido en el art\u00edculo 5 de la Ley Org\u00e1nica 15\/1999 de 13 de diciembre de Protecci\u00f3n de Datos de Car\u00e1cter Personal, se informa a las personas que solicitaron nuestros servicios, que los datos personales recogidos ser\u00e1n incorporados a un fichero denominado CLIENTES Y\/O PROVEEDORES, cuyo responsable es la [&hellip;]<\/p>\n","protected":false},"author":3,"featured_media":0,"parent":0,"menu_order":0,"comment_status":"closed","ping_status":"closed","template":"elementor_header_footer","meta":{"footnotes":"","_links_to":"","_links_to_target":""},"class_list":["post-3960","page","type-page","status-publish","hentry"],"_links":{"self":[{"href":"https:\/\/www.gron-andersen.es\/no\/wp-json\/wp\/v2\/pages\/3960","targetHints":{"allow":["GET"]}}],"collection":[{"href":"https:\/\/www.gron-andersen.es\/no\/wp-json\/wp\/v2\/pages"}],"about":[{"href":"https:\/\/www.gron-andersen.es\/no\/wp-json\/wp\/v2\/types\/page"}],"author":[{"embeddable":true,"href":"https:\/\/www.gron-andersen.es\/no\/wp-json\/wp\/v2\/users\/3"}],"replies":[{"embeddable":true,"href":"https:\/\/www.gron-andersen.es\/no\/wp-json\/wp\/v2\/comments?post=3960"}],"version-history":[{"count":1,"href":"https:\/\/www.gron-andersen.es\/no\/wp-json\/wp\/v2\/pages\/3960\/revisions"}],"predecessor-version":[{"id":3961,"href":"https:\/\/www.gron-andersen.es\/no\/wp-json\/wp\/v2\/pages\/3960\/revisions\/3961"}],"wp:attachment":[{"href":"https:\/\/www.gron-andersen.es\/no\/wp-json\/wp\/v2\/media?parent=3960"}],"curies":[{"name":"wp","href":"https:\/\/api.w.org\/{rel}","templated":true}]}}