{"id":3962,"date":"2022-03-22T16:09:01","date_gmt":"2022-03-22T14:09:01","guid":{"rendered":"https:\/\/www.gron-andersen.es\/data-beskyttelse\/"},"modified":"2022-03-22T16:09:01","modified_gmt":"2022-03-22T14:09:01","slug":"data-beskyttelse","status":"publish","type":"page","link":"https:\/\/www.gron-andersen.es\/no\/data-beskyttelse\/","title":{"rendered":"Data beskyttelse"},"content":{"rendered":"\t\t<div data-elementor-type=\"wp-page\" data-elementor-id=\"3962\" class=\"elementor elementor-3962 elementor-1714\" data-elementor-post-type=\"page\">\n\t\t\t\t\t\t<section class=\"elementor-section elementor-top-section elementor-element elementor-element-1620c4f4 elementor-section-boxed elementor-section-height-default elementor-section-height-default\" data-id=\"1620c4f4\" data-element_type=\"section\" data-e-type=\"section\">\n\t\t\t\t\t\t<div class=\"elementor-container elementor-column-gap-default\">\n\t\t\t\t\t<div class=\"elementor-column elementor-col-100 elementor-top-column elementor-element elementor-element-55be356e\" data-id=\"55be356e\" data-element_type=\"column\" data-e-type=\"column\">\n\t\t\t<div class=\"elementor-widget-wrap elementor-element-populated\">\n\t\t\t\t\t\t<div class=\"elementor-element elementor-element-5e9738cc elementor-widget elementor-widget-heading\" data-id=\"5e9738cc\" data-element_type=\"widget\" data-e-type=\"widget\" data-widget_type=\"heading.default\">\n\t\t\t\t<div class=\"elementor-widget-container\">\n\t\t\t\t\t<h2 class=\"elementor-heading-title elementor-size-default\">Data beskyttelse<\/h2>\t\t\t\t<\/div>\n\t\t\t\t<\/div>\n\t\t\t\t\t<\/div>\n\t\t<\/div>\n\t\t\t\t\t<\/div>\n\t\t<\/section>\n\t\t\t\t<section class=\"elementor-section elementor-top-section elementor-element elementor-element-51f1f277 elementor-section-boxed elementor-section-height-default elementor-section-height-default\" data-id=\"51f1f277\" data-element_type=\"section\" data-e-type=\"section\">\n\t\t\t\t\t\t<div class=\"elementor-container elementor-column-gap-default\">\n\t\t\t\t\t<div class=\"elementor-column elementor-col-100 elementor-top-column elementor-element elementor-element-28a73c47\" data-id=\"28a73c47\" data-element_type=\"column\" data-e-type=\"column\">\n\t\t\t<div class=\"elementor-widget-wrap elementor-element-populated\">\n\t\t\t\t\t\t<div class=\"elementor-element elementor-element-1d58e417 elementor-widget elementor-widget-text-editor\" data-id=\"1d58e417\" data-element_type=\"widget\" data-e-type=\"widget\" data-widget_type=\"text-editor.default\">\n\t\t\t\t<div class=\"elementor-widget-container\">\n\t\t\t\t\t\t\t\t\tI overensstemmelse med bestemmelserne i artikel 5 i lov nr. 15\/1999 af 13. december (Ley Organica 15\/1999), den spanske lov om Persondatabeskyttelse, informerer vi vore klienter om, at deres personoplysninger bliver registreret i vor kundedatabase, hvor den ansvarlige er konsulentbureauetGRON &amp; ANDERSEN S.C., med adresse i Avenida Ram\u00f3n y Cajal, nr. 2, Edif. Zalaca\u00edn,\u00a03. sal. F, Fuengirola, med CP\u00a029.640, og har som form\u00e5l at give den personlig service, som hvert enkelt tilf\u00e6lde kr\u00e6ver, via e-mail, post eller via andre medier, og indehaveren af de personlige data giver hermed tilladelse til dette, men kan til enhver tid tilbagekalde denne tilladelse hvis de \u00f8nsker det.\u00a0Indehaveren har ret til at f\u00e5 adgang, \u00e6ndre, annullere eller opponere mod dette, og b\u00f8r i s\u00e5 fald rette henvendelse til den ansvarlige for databasen p\u00e5 tidligere n\u00e6vnte adresse, p\u00e5 telefonnr.\u00a0951910649\u00a0eller via e-mail\u00a0lena@www.gron-andersen.es\r\nOplysningerne i denne e-mail er fortrolige, og adgangen til denne er kun tilladt den person mailen er tilt\u00e6nkt, og enhver form for kommunikation, videresendelse eller offentligg\u00f8relse er forbudt b\u00e5de vedr\u00f8rende meddelelsen og dens indhold.\u00a0Ifald de ikke er den person mailen er tilt\u00e6nkt, beder vi dem slette indholdet af denne e-mail og giver os besked om dette enten via e-mail eller p\u00e5 ovenst\u00e5ende adresse.\t\t\t\t\t\t\t\t<\/div>\n\t\t\t\t<\/div>\n\t\t\t\t\t<\/div>\n\t\t<\/div>\n\t\t\t\t\t<\/div>\n\t\t<\/section>\n\t\t\t\t<\/div>\n\t\t","protected":false},"excerpt":{"rendered":"<p>Data beskyttelse I overensstemmelse med bestemmelserne i artikel 5 i lov nr. 15\/1999 af 13. december (Ley Organica 15\/1999), den spanske lov om Persondatabeskyttelse, informerer vi vore klienter om, at deres personoplysninger bliver registreret i vor kundedatabase, hvor den ansvarlige er konsulentbureauetGRON &amp; ANDERSEN S.C., med adresse i Avenida Ram\u00f3n y Cajal, nr. 2, Edif. [&hellip;]<\/p>\n","protected":false},"author":3,"featured_media":0,"parent":0,"menu_order":0,"comment_status":"closed","ping_status":"closed","template":"elementor_header_footer","meta":{"footnotes":"","_links_to":"","_links_to_target":""},"class_list":["post-3962","page","type-page","status-publish","hentry"],"_links":{"self":[{"href":"https:\/\/www.gron-andersen.es\/no\/wp-json\/wp\/v2\/pages\/3962","targetHints":{"allow":["GET"]}}],"collection":[{"href":"https:\/\/www.gron-andersen.es\/no\/wp-json\/wp\/v2\/pages"}],"about":[{"href":"https:\/\/www.gron-andersen.es\/no\/wp-json\/wp\/v2\/types\/page"}],"author":[{"embeddable":true,"href":"https:\/\/www.gron-andersen.es\/no\/wp-json\/wp\/v2\/users\/3"}],"replies":[{"embeddable":true,"href":"https:\/\/www.gron-andersen.es\/no\/wp-json\/wp\/v2\/comments?post=3962"}],"version-history":[{"count":1,"href":"https:\/\/www.gron-andersen.es\/no\/wp-json\/wp\/v2\/pages\/3962\/revisions"}],"predecessor-version":[{"id":3963,"href":"https:\/\/www.gron-andersen.es\/no\/wp-json\/wp\/v2\/pages\/3962\/revisions\/3963"}],"wp:attachment":[{"href":"https:\/\/www.gron-andersen.es\/no\/wp-json\/wp\/v2\/media?parent=3962"}],"curies":[{"name":"wp","href":"https:\/\/api.w.org\/{rel}","templated":true}]}}