{"id":3964,"date":"2022-03-22T16:09:34","date_gmt":"2022-03-22T14:09:34","guid":{"rendered":"https:\/\/www.gron-andersen.es\/revisor-cristobal-ruiz-marin\/"},"modified":"2022-03-22T16:09:34","modified_gmt":"2022-03-22T14:09:34","slug":"revisor-cristobal-ruiz-marin","status":"publish","type":"page","link":"https:\/\/www.gron-andersen.es\/no\/revisor-cristobal-ruiz-marin\/","title":{"rendered":"Revisor Cristobal Ru\u00edz Mar\u00edn"},"content":{"rendered":"\t\t<div data-elementor-type=\"wp-page\" data-elementor-id=\"3964\" class=\"elementor elementor-3964 elementor-1503\" data-elementor-post-type=\"page\">\n\t\t\t\t\t\t<section class=\"elementor-section elementor-top-section elementor-element elementor-element-52be622 elementor-section-boxed elementor-section-height-default elementor-section-height-default\" data-id=\"52be622\" data-element_type=\"section\" data-e-type=\"section\">\n\t\t\t\t\t\t<div class=\"elementor-container elementor-column-gap-default\">\n\t\t\t\t\t<div class=\"elementor-column elementor-col-100 elementor-top-column elementor-element elementor-element-795f6cf5\" data-id=\"795f6cf5\" data-element_type=\"column\" data-e-type=\"column\">\n\t\t\t<div class=\"elementor-widget-wrap elementor-element-populated\">\n\t\t\t\t\t\t<div class=\"elementor-element elementor-element-218ac107 elementor-widget elementor-widget-heading\" data-id=\"218ac107\" data-element_type=\"widget\" data-e-type=\"widget\" data-widget_type=\"heading.default\">\n\t\t\t\t<div class=\"elementor-widget-container\">\n\t\t\t\t\t<h2 class=\"elementor-heading-title elementor-size-default\">Revisor<\/h2>\t\t\t\t<\/div>\n\t\t\t\t<\/div>\n\t\t\t\t<div class=\"elementor-element elementor-element-46b81344 elementor-widget__width-initial elementor-absolute elementor-widget-tablet__width-initial elementor-widget elementor-widget-spacer\" data-id=\"46b81344\" data-element_type=\"widget\" data-e-type=\"widget\" data-settings=\"{&quot;_position&quot;:&quot;absolute&quot;}\" data-widget_type=\"spacer.default\">\n\t\t\t\t<div class=\"elementor-widget-container\">\n\t\t\t\t\t\t\t<div class=\"elementor-spacer\">\n\t\t\t<div class=\"elementor-spacer-inner\"><\/div>\n\t\t<\/div>\n\t\t\t\t\t\t<\/div>\n\t\t\t\t<\/div>\n\t\t\t\t<div class=\"elementor-element elementor-element-14974d71 elementor-widget elementor-widget-heading\" data-id=\"14974d71\" data-element_type=\"widget\" data-e-type=\"widget\" data-widget_type=\"heading.default\">\n\t\t\t\t<div class=\"elementor-widget-container\">\n\t\t\t\t\t<h5 class=\"elementor-heading-title elementor-size-default\">Crist\u00f3bal Ruiz Mar\u00edn<\/h5>\t\t\t\t<\/div>\n\t\t\t\t<\/div>\n\t\t\t\t<div class=\"elementor-element elementor-element-46739a0b elementor-widget elementor-widget-text-editor\" data-id=\"46739a0b\" data-element_type=\"widget\" data-e-type=\"widget\" data-widget_type=\"text-editor.default\">\n\t\t\t\t<div class=\"elementor-widget-container\">\n\t\t\t\t\t\t\t\t\t<p>Er ekspert i byplanl\u00e6gning I Malaga Universitet i 2005, og derefter deltog han som ekspert i regnskab, finans og beskatning af selskaber ved Universitetet i Malaga i 2006.<\/p>\t\t\t\t\t\t\t\t<\/div>\n\t\t\t\t<\/div>\n\t\t\t\t\t<\/div>\n\t\t<\/div>\n\t\t\t\t\t<\/div>\n\t\t<\/section>\n\t\t\t\t<section class=\"elementor-section elementor-top-section elementor-element elementor-element-3a802775 elementor-section-boxed elementor-section-height-default elementor-section-height-default\" data-id=\"3a802775\" data-element_type=\"section\" data-e-type=\"section\">\n\t\t\t\t\t\t<div class=\"elementor-container elementor-column-gap-default\">\n\t\t\t\t\t<div class=\"elementor-column elementor-col-100 elementor-top-column elementor-element elementor-element-4602569b\" data-id=\"4602569b\" data-element_type=\"column\" data-e-type=\"column\">\n\t\t\t<div class=\"elementor-widget-wrap elementor-element-populated\">\n\t\t\t\t\t\t<section class=\"elementor-section elementor-inner-section elementor-element elementor-element-63cf325 elementor-reverse-tablet elementor-reverse-mobile elementor-section-boxed elementor-section-height-default elementor-section-height-default\" data-id=\"63cf325\" data-element_type=\"section\" data-e-type=\"section\">\n\t\t\t\t\t\t<div class=\"elementor-container elementor-column-gap-default\">\n\t\t\t\t\t<div class=\"elementor-column elementor-col-50 elementor-inner-column elementor-element elementor-element-496cf5d4\" data-id=\"496cf5d4\" data-element_type=\"column\" data-e-type=\"column\">\n\t\t\t<div class=\"elementor-widget-wrap elementor-element-populated\">\n\t\t\t\t\t\t<div class=\"elementor-element elementor-element-425ecb1a elementor-widget elementor-widget-text-editor\" data-id=\"425ecb1a\" data-element_type=\"widget\" data-e-type=\"widget\" data-widget_type=\"text-editor.default\">\n\t\t\t\t<div class=\"elementor-widget-container\">\n\t\t\t\t\t\t\t\t\t<p>Som stiftende partner og direkt\u00f8r I Erhvervs Areal, s\u00f8rger han for koordinering og styrelse af regnskabsafdeling, samt l\u00f8n- og kontrakt afdeling.<\/p><p>Han har specialiseret sig i stiftelse af selskaber og r\u00e5dgivning til selskaber og erhvervsdrivende.<\/p><p><strong>Regnskabsafdeling<\/strong><\/p><p>20 \u00e5rs erfaring med skatteregnskab samt arbejdsmarkedsret i Spanien har givet os en stor kundekreds af erhvervsaktive \u2013 s\u00e5vel selskaber som selvst\u00e6ndige erhvervsdrivende \u2013 som assisteres b\u00e5de ved start af virksomhed og de efterf\u00f8lgende formaliteter som regnskab, afregning af skat, l\u00f8nregnskaber,afregning af Seguridad Social.<\/p><p>De tilbyder alle former for regnskabsr\u00e5dgivning:<br \/>\u00b7 Bogf\u00f8ring, balancer og resultatopg\u00f8relser.<br \/>\u00b7 Udarbejdelse og legalisering af officielle regnskabsb\u00f8ger.<br \/>\u00b7 Indlevering af \u00e5rsregnskaber til handelsregisteret.<br \/>\u00b7 Regnskabsafslutning, optimering af skattefordele i overensstemmelse med den g\u00e6ldende lovgivning<\/p>\t\t\t\t\t\t\t\t<\/div>\n\t\t\t\t<\/div>\n\t\t\t\t\t<\/div>\n\t\t<\/div>\n\t\t\t\t<div class=\"elementor-column elementor-col-50 elementor-inner-column elementor-element elementor-element-6fe271b5\" data-id=\"6fe271b5\" data-element_type=\"column\" data-e-type=\"column\">\n\t\t\t<div class=\"elementor-widget-wrap elementor-element-populated\">\n\t\t\t\t\t\t<div class=\"elementor-element elementor-element-2c4aaed3 elementor-widget elementor-widget-image\" data-id=\"2c4aaed3\" data-element_type=\"widget\" data-e-type=\"widget\" data-widget_type=\"image.default\">\n\t\t\t\t<div class=\"elementor-widget-container\">\n\t\t\t\t\t\t\t\t\t\t\t\t\t\t\t<img fetchpriority=\"high\" decoding=\"async\" width=\"236\" height=\"295\" src=\"https:\/\/www.gron-andersen.es\/wp-content\/uploads\/2016\/08\/media-empleados-2-f-27-2f27cd99c441bbaef319f591e7308836f0e861d9.jpg\" class=\"attachment-large size-large wp-image-3607\" alt=\"\" srcset=\"https:\/\/www.gron-andersen.es\/wp-content\/uploads\/2016\/08\/media-empleados-2-f-27-2f27cd99c441bbaef319f591e7308836f0e861d9.jpg 236w, https:\/\/www.gron-andersen.es\/wp-content\/uploads\/2016\/08\/media-empleados-2-f-27-2f27cd99c441bbaef319f591e7308836f0e861d9-120x150.jpg 120w\" sizes=\"(max-width: 236px) 100vw, 236px\" \/>\t\t\t\t\t\t\t\t\t\t\t\t\t\t\t<\/div>\n\t\t\t\t<\/div>\n\t\t\t\t\t<\/div>\n\t\t<\/div>\n\t\t\t\t\t<\/div>\n\t\t<\/section>\n\t\t\t\t\t<\/div>\n\t\t<\/div>\n\t\t\t\t\t<\/div>\n\t\t<\/section>\n\t\t\t\t<\/div>\n\t\t","protected":false},"excerpt":{"rendered":"<p>Revisor Crist\u00f3bal Ruiz Mar\u00edn Er ekspert i byplanl\u00e6gning I Malaga Universitet i 2005, og derefter deltog han som ekspert i regnskab, finans og beskatning af selskaber ved Universitetet i Malaga i 2006. Som stiftende partner og direkt\u00f8r I Erhvervs Areal, s\u00f8rger han for koordinering og styrelse af regnskabsafdeling, samt l\u00f8n- og kontrakt afdeling. Han har [&hellip;]<\/p>\n","protected":false},"author":3,"featured_media":0,"parent":0,"menu_order":0,"comment_status":"closed","ping_status":"closed","template":"elementor_header_footer","meta":{"footnotes":"","_links_to":"","_links_to_target":""},"class_list":["post-3964","page","type-page","status-publish","hentry"],"_links":{"self":[{"href":"https:\/\/www.gron-andersen.es\/no\/wp-json\/wp\/v2\/pages\/3964","targetHints":{"allow":["GET"]}}],"collection":[{"href":"https:\/\/www.gron-andersen.es\/no\/wp-json\/wp\/v2\/pages"}],"about":[{"href":"https:\/\/www.gron-andersen.es\/no\/wp-json\/wp\/v2\/types\/page"}],"author":[{"embeddable":true,"href":"https:\/\/www.gron-andersen.es\/no\/wp-json\/wp\/v2\/users\/3"}],"replies":[{"embeddable":true,"href":"https:\/\/www.gron-andersen.es\/no\/wp-json\/wp\/v2\/comments?post=3964"}],"version-history":[{"count":1,"href":"https:\/\/www.gron-andersen.es\/no\/wp-json\/wp\/v2\/pages\/3964\/revisions"}],"predecessor-version":[{"id":3965,"href":"https:\/\/www.gron-andersen.es\/no\/wp-json\/wp\/v2\/pages\/3964\/revisions\/3965"}],"wp:attachment":[{"href":"https:\/\/www.gron-andersen.es\/no\/wp-json\/wp\/v2\/media?parent=3964"}],"curies":[{"name":"wp","href":"https:\/\/api.w.org\/{rel}","templated":true}]}}