{"id":4572,"date":"2025-08-06T09:39:54","date_gmt":"2025-08-06T08:39:54","guid":{"rendered":"https:\/\/www.gron-andersen.es\/francisco-segura-valverde\/"},"modified":"2025-08-06T09:39:55","modified_gmt":"2025-08-06T08:39:55","slug":"francisco-segura-valverde","status":"publish","type":"page","link":"https:\/\/www.gron-andersen.es\/no\/francisco-segura-valverde\/","title":{"rendered":"Francisco Segura Valverde"},"content":{"rendered":"\t\t<div data-elementor-type=\"wp-page\" data-elementor-id=\"4572\" class=\"elementor elementor-4572 elementor-4562\" data-elementor-post-type=\"page\">\n\t\t\t\t\t\t<section class=\"elementor-section elementor-top-section elementor-element elementor-element-7e7525f elementor-section-boxed elementor-section-height-default elementor-section-height-default\" data-id=\"7e7525f\" data-element_type=\"section\" data-e-type=\"section\">\n\t\t\t\t\t\t<div class=\"elementor-container elementor-column-gap-default\">\n\t\t\t\t\t<div class=\"elementor-column elementor-col-100 elementor-top-column elementor-element elementor-element-14a1339\" data-id=\"14a1339\" data-element_type=\"column\" data-e-type=\"column\">\n\t\t\t<div class=\"elementor-widget-wrap elementor-element-populated\">\n\t\t\t\t\t\t<div class=\"elementor-element elementor-element-5db7266 elementor-widget elementor-widget-heading\" data-id=\"5db7266\" data-element_type=\"widget\" data-e-type=\"widget\" data-widget_type=\"heading.default\">\n\t\t\t\t<div class=\"elementor-widget-container\">\n\t\t\t\t\t<h2 class=\"elementor-heading-title elementor-size-default\">Arkitekt<\/h2>\t\t\t\t<\/div>\n\t\t\t\t<\/div>\n\t\t\t\t<div class=\"elementor-element elementor-element-b7d29bf elementor-widget__width-initial elementor-absolute elementor-widget-tablet__width-initial elementor-widget elementor-widget-spacer\" data-id=\"b7d29bf\" data-element_type=\"widget\" data-e-type=\"widget\" data-settings=\"{&quot;_position&quot;:&quot;absolute&quot;}\" data-widget_type=\"spacer.default\">\n\t\t\t\t<div class=\"elementor-widget-container\">\n\t\t\t\t\t\t\t<div class=\"elementor-spacer\">\n\t\t\t<div class=\"elementor-spacer-inner\"><\/div>\n\t\t<\/div>\n\t\t\t\t\t\t<\/div>\n\t\t\t\t<\/div>\n\t\t\t\t<div class=\"elementor-element elementor-element-60ae971 elementor-widget elementor-widget-heading\" data-id=\"60ae971\" data-element_type=\"widget\" data-e-type=\"widget\" data-widget_type=\"heading.default\">\n\t\t\t\t<div class=\"elementor-widget-container\">\n\t\t\t\t\t<h5 class=\"elementor-heading-title elementor-size-default\">Francisco Segura Valverde<\/h5>\t\t\t\t<\/div>\n\t\t\t\t<\/div>\n\t\t\t\t<div class=\"elementor-element elementor-element-4553d32 elementor-widget elementor-widget-text-editor\" data-id=\"4553d32\" data-element_type=\"widget\" data-e-type=\"widget\" data-widget_type=\"text-editor.default\">\n\t\t\t\t<div class=\"elementor-widget-container\">\n\t\t\t\t\t\t\t\t\t<p><span style=\"color: #333333;\">Francisco Segura Valverde| Arquitecto Col. N\u00ba 892 COA de M\u00e1laga<br \/><\/span><\/p>\n\t\t\t\t\t\t\t\t<\/div>\n\t\t\t\t<\/div>\n\t\t\t\t\t<\/div>\n\t\t<\/div>\n\t\t\t\t\t<\/div>\n\t\t<\/section>\n\t\t\t\t<section class=\"elementor-section elementor-top-section elementor-element elementor-element-41254c8 elementor-section-boxed elementor-section-height-default elementor-section-height-default\" data-id=\"41254c8\" data-element_type=\"section\" data-e-type=\"section\">\n\t\t\t\t\t\t<div class=\"elementor-container elementor-column-gap-default\">\n\t\t\t\t\t<div class=\"elementor-column elementor-col-100 elementor-top-column elementor-element elementor-element-5cc8dab\" data-id=\"5cc8dab\" data-element_type=\"column\" data-e-type=\"column\">\n\t\t\t<div class=\"elementor-widget-wrap elementor-element-populated\">\n\t\t\t\t\t\t<section class=\"elementor-section elementor-inner-section elementor-element elementor-element-53de3c9 elementor-section-boxed elementor-section-height-default elementor-section-height-default\" data-id=\"53de3c9\" data-element_type=\"section\" data-e-type=\"section\">\n\t\t\t\t\t\t<div class=\"elementor-container elementor-column-gap-default\">\n\t\t\t\t\t<div class=\"elementor-column elementor-col-100 elementor-inner-column elementor-element elementor-element-07ed4a1\" data-id=\"07ed4a1\" data-element_type=\"column\" data-e-type=\"column\">\n\t\t\t<div class=\"elementor-widget-wrap elementor-element-populated\">\n\t\t\t\t\t\t<div class=\"elementor-element elementor-element-f37d1f4 elementor-widget elementor-widget-text-editor\" data-id=\"f37d1f4\" data-element_type=\"widget\" data-e-type=\"widget\" data-widget_type=\"text-editor.default\">\n\t\t\t\t<div class=\"elementor-widget-container\">\n\t\t\t\t\t\t\t\t\t<p>SV Architecture tilbyr helhetlige tjenester som omfatter b\u00e5de tekniske og administrative aspekter for bolig- og n\u00e6ringsprosjekter. Vi forplikter oss til \u00e5 levere en personlig service til hver enkelt kunde.<\/p>\n<p>Vi spesialiserer oss p\u00e5 moderne og nyskapende design av eneboliger og flerfamilieboliger, med s\u00e6rlig fokus p\u00e5 luksusboliger. I tillegg har vi erfaring innen oppussing, landskapsarkitektur og interi\u00f8rdesign, samt byplanleggingsr\u00e5dgivning.<br \/>\nVi tilbyr prosjektledelse og konsulenttjenester, og koordinerer alle aspekter fra planlegging til bygging. Vi utarbeider mulighetsstudier og regelverksanalyser, samt fremdriftsplaner for byggeprosjekter. Vi h\u00e5ndterer kommunale prosesser og s\u00f8knader om byggetillatelser.<\/p>\n<p>Vi sikrer full koordinering av byggeprosessen og h\u00f8y kvalitet i alle faser, ved \u00e5 utvikle og beregne utf\u00f8relsen av byggearbeidet, konstruksjonene og installasjonene.<br \/>\nVi har ogs\u00e5 ekspertise innen vurdering og energiledelse av bygninger. Vi utf\u00f8rer energimerking og tilbyr l\u00f8sninger som forbedrer ytelsen og effektiviteten til installasjonene og bygningen som helhet.<\/p>\n<p>Vi utarbeider tekniske rapporter, identifiserer og l\u00f8ser bygningsmessige skader, og gir r\u00e5d til v\u00e5re kunder om tilpasning til gjeldende lovverk i hvert enkelt tilfelle. Vi tilbyr verdivurdering av eiendom, tekniske bygningstilsyn (ITE) og attester for bygningens alder. Vi bist\u00e5r med s\u00f8knader om midlertidig eller endelig brukstillatelse, samt saker som gjelder status som \u00abutenfor reguleringsplan\u00bb (asimilado a fuera de ordenaci\u00f3n). Vi gir ogs\u00e5 r\u00e5d til v\u00e5re kunder ved gjennomgang av eiendommer f\u00f8r og etter kj\u00f8p (snagging list).<\/p>\n\t\t\t\t\t\t\t\t<\/div>\n\t\t\t\t<\/div>\n\t\t\t\t\t<\/div>\n\t\t<\/div>\n\t\t\t\t\t<\/div>\n\t\t<\/section>\n\t\t\t\t\t<\/div>\n\t\t<\/div>\n\t\t\t\t\t<\/div>\n\t\t<\/section>\n\t\t\t\t<\/div>\n\t\t","protected":false},"excerpt":{"rendered":"<p>Arkitekt Francisco Segura Valverde Francisco Segura Valverde| Arquitecto Col. N\u00ba 892 COA de M\u00e1laga SV Architecture tilbyr helhetlige tjenester som omfatter b\u00e5de tekniske og administrative aspekter for bolig- og n\u00e6ringsprosjekter. Vi forplikter oss til \u00e5 levere en personlig service til hver enkelt kunde. Vi spesialiserer oss p\u00e5 moderne og nyskapende design av eneboliger og flerfamilieboliger, [&hellip;]<\/p>\n","protected":false},"author":3,"featured_media":0,"parent":0,"menu_order":0,"comment_status":"closed","ping_status":"closed","template":"elementor_header_footer","meta":{"footnotes":"","_links_to":"","_links_to_target":""},"class_list":["post-4572","page","type-page","status-publish","hentry"],"_links":{"self":[{"href":"https:\/\/www.gron-andersen.es\/no\/wp-json\/wp\/v2\/pages\/4572","targetHints":{"allow":["GET"]}}],"collection":[{"href":"https:\/\/www.gron-andersen.es\/no\/wp-json\/wp\/v2\/pages"}],"about":[{"href":"https:\/\/www.gron-andersen.es\/no\/wp-json\/wp\/v2\/types\/page"}],"author":[{"embeddable":true,"href":"https:\/\/www.gron-andersen.es\/no\/wp-json\/wp\/v2\/users\/3"}],"replies":[{"embeddable":true,"href":"https:\/\/www.gron-andersen.es\/no\/wp-json\/wp\/v2\/comments?post=4572"}],"version-history":[{"count":1,"href":"https:\/\/www.gron-andersen.es\/no\/wp-json\/wp\/v2\/pages\/4572\/revisions"}],"predecessor-version":[{"id":4573,"href":"https:\/\/www.gron-andersen.es\/no\/wp-json\/wp\/v2\/pages\/4572\/revisions\/4573"}],"wp:attachment":[{"href":"https:\/\/www.gron-andersen.es\/no\/wp-json\/wp\/v2\/media?parent=4572"}],"curies":[{"name":"wp","href":"https:\/\/api.w.org\/{rel}","templated":true}]}}