{"id":4767,"date":"2026-03-09T17:25:09","date_gmt":"2026-03-09T16:25:09","guid":{"rendered":"https:\/\/www.gron-andersen.es\/donasjon-i-spania-planlegging-med-omtanke\/"},"modified":"2026-03-09T17:25:09","modified_gmt":"2026-03-09T16:25:09","slug":"donasjon-i-spania-planlegging-med-omtanke","status":"publish","type":"page","link":"https:\/\/www.gron-andersen.es\/no\/donasjon-i-spania-planlegging-med-omtanke\/","title":{"rendered":"Donasjon i Spania \u2013 planlegging med omtanke"},"content":{"rendered":"\t\t<div data-elementor-type=\"wp-page\" data-elementor-id=\"4767\" class=\"elementor elementor-4767 elementor-4643\" data-elementor-post-type=\"page\">\n\t\t\t\t\t\t<section class=\"elementor-section elementor-top-section elementor-element elementor-element-2b7eb814 elementor-section-boxed elementor-section-height-default elementor-section-height-default\" data-id=\"2b7eb814\" data-element_type=\"section\" data-e-type=\"section\">\n\t\t\t\t\t\t<div class=\"elementor-container elementor-column-gap-default\">\n\t\t\t\t\t<div class=\"elementor-column elementor-col-100 elementor-top-column elementor-element elementor-element-501935e\" data-id=\"501935e\" data-element_type=\"column\" data-e-type=\"column\">\n\t\t\t<div class=\"elementor-widget-wrap elementor-element-populated\">\n\t\t\t\t\t\t<div class=\"elementor-element elementor-element-eee4af0 elementor-widget elementor-widget-heading\" data-id=\"eee4af0\" data-element_type=\"widget\" data-e-type=\"widget\" data-widget_type=\"heading.default\">\n\t\t\t\t<div class=\"elementor-widget-container\">\n\t\t\t\t\t<h3 class=\"elementor-heading-title elementor-size-default\">Konsulentbureau<\/h3>\t\t\t\t<\/div>\n\t\t\t\t<\/div>\n\t\t\t\t<div class=\"elementor-element elementor-element-b016e24 elementor-widget elementor-widget-heading\" data-id=\"b016e24\" data-element_type=\"widget\" data-e-type=\"widget\" data-widget_type=\"heading.default\">\n\t\t\t\t<div class=\"elementor-widget-container\">\n\t\t\t\t\t<h2 class=\"elementor-heading-title elementor-size-default\">Donasjon i Spania \u2013 <b>planlegging med omtanke<\/b><\/h2>\t\t\t\t<\/div>\n\t\t\t\t<\/div>\n\t\t\t\t<div class=\"elementor-element elementor-element-656c591 elementor-widget-divider--view-line elementor-widget elementor-widget-divider\" data-id=\"656c591\" data-element_type=\"widget\" data-e-type=\"widget\" data-settings=\"{&quot;motion_fx_motion_fx_scrolling&quot;:&quot;yes&quot;,&quot;motion_fx_translateX_effect&quot;:&quot;yes&quot;,&quot;motion_fx_translateX_direction&quot;:&quot;negative&quot;,&quot;motion_fx_translateX_speed&quot;:{&quot;unit&quot;:&quot;px&quot;,&quot;size&quot;:&quot;0.5&quot;,&quot;sizes&quot;:[]},&quot;motion_fx_devices&quot;:[&quot;desktop&quot;,&quot;tablet&quot;],&quot;motion_fx_translateX_affectedRange&quot;:{&quot;unit&quot;:&quot;%&quot;,&quot;size&quot;:&quot;&quot;,&quot;sizes&quot;:{&quot;start&quot;:0,&quot;end&quot;:100}}}\" data-widget_type=\"divider.default\">\n\t\t\t\t<div class=\"elementor-widget-container\">\n\t\t\t\t\t\t\t<div class=\"elementor-divider\">\n\t\t\t<span class=\"elementor-divider-separator\">\n\t\t\t\t\t\t<\/span>\n\t\t<\/div>\n\t\t\t\t\t\t<\/div>\n\t\t\t\t<\/div>\n\t\t\t\t<div class=\"elementor-element elementor-element-2790fc9d elementor-widget__width-initial elementor-absolute elementor-widget-tablet__width-initial elementor-widget elementor-widget-spacer\" data-id=\"2790fc9d\" data-element_type=\"widget\" data-e-type=\"widget\" data-settings=\"{&quot;_position&quot;:&quot;absolute&quot;}\" data-widget_type=\"spacer.default\">\n\t\t\t\t<div class=\"elementor-widget-container\">\n\t\t\t\t\t\t\t<div class=\"elementor-spacer\">\n\t\t\t<div class=\"elementor-spacer-inner\"><\/div>\n\t\t<\/div>\n\t\t\t\t\t\t<\/div>\n\t\t\t\t<\/div>\n\t\t\t\t<div class=\"elementor-element elementor-element-516b79c9 elementor-widget elementor-widget-text-editor\" data-id=\"516b79c9\" data-element_type=\"widget\" data-e-type=\"widget\" data-widget_type=\"text-editor.default\">\n\t\t\t\t<div class=\"elementor-widget-container\">\n\t\t\t\t\t\t\t\t\t<p><span class=\"s4\">En donasjon er ikke bare en overf\u00f8ring av eiendeler.<\/span><span class=\"s4\"><br \/>\n<\/span><span class=\"s4\">Det er en beslutning med b\u00e5de personlige, familiemessige og skattemessige konsekvenser, som krever grundig juridisk planlegging.<\/span><\/p>\n\t\t\t\t\t\t\t\t<\/div>\n\t\t\t\t<\/div>\n\t\t\t\t\t<\/div>\n\t\t<\/div>\n\t\t\t\t\t<\/div>\n\t\t<\/section>\n\t\t<div class=\"elementor-element elementor-element-df6b70b e-flex e-con-boxed e-con e-parent\" data-id=\"df6b70b\" data-element_type=\"container\" data-e-type=\"container\">\n\t\t\t\t\t<div class=\"e-con-inner\">\n\t\t\t\t<div class=\"elementor-element elementor-element-30c4069 elementor-widget__width-initial elementor-widget-mobile__width-inherit elementor-widget elementor-widget-image\" data-id=\"30c4069\" data-element_type=\"widget\" data-e-type=\"widget\" data-widget_type=\"image.default\">\n\t\t\t\t<div class=\"elementor-widget-container\">\n\t\t\t\t\t\t\t\t\t\t\t\t\t\t\t<img fetchpriority=\"high\" decoding=\"async\" width=\"300\" height=\"200\" src=\"https:\/\/www.gron-andersen.es\/wp-content\/uploads\/2016\/08\/abogados.jpg\" class=\"attachment-large size-large wp-image-3659\" alt=\"\" srcset=\"https:\/\/www.gron-andersen.es\/wp-content\/uploads\/2016\/08\/abogados.jpg 300w, https:\/\/www.gron-andersen.es\/wp-content\/uploads\/2016\/08\/abogados-150x100.jpg 150w, https:\/\/www.gron-andersen.es\/wp-content\/uploads\/2016\/08\/abogados-244x163.jpg 244w\" sizes=\"(max-width: 300px) 100vw, 300px\" \/>\t\t\t\t\t\t\t\t\t\t\t\t\t\t\t<\/div>\n\t\t\t\t<\/div>\n\t\t<div class=\"elementor-element elementor-element-963699c e-con-full e-flex e-con e-child\" data-id=\"963699c\" data-element_type=\"container\" data-e-type=\"container\">\n\t\t\t\t<div class=\"elementor-element elementor-element-f11cba8 elementor-widget elementor-widget-text-editor\" data-id=\"f11cba8\" data-element_type=\"widget\" data-e-type=\"widget\" data-widget_type=\"text-editor.default\">\n\t\t\t\t<div class=\"elementor-widget-container\">\n\t\t\t\t\t\t\t\t\t<p class=\"s5\"><span class=\"s4\">I Spania er donasjoner underlagt <\/span><span class=\"s6\">Impuesto sobre Sucesiones y Donaciones (ISD)<\/span><span class=\"s4\">, som beskatter overf\u00f8ringer <\/span><span class=\"s7\">inter vivos<\/span><span class=\"s4\">. Dette inneb\u00e6rer at mottakeren av donasjonen som hovedregel m\u00e5 betale skatt basert p\u00e5 gavens verdi. Skattesatsen og eventuelle reduksjoner avhenger av forholdet mellom partene samt lovgivningen i den relevante autonome regionen.<\/span><\/p>\n<p><\/p>\n<p class=\"s5\"><span class=\"s4\">Det er samtidig viktig \u00e5 v\u00e6re oppmerksom p\u00e5 at skattemessige forpliktelser i andre land kan bli relevante dersom giveren, mottakeren eller eiendelen har tilknytning til et annet land.<\/span><\/p>\n\t\t\t\t\t\t\t\t<\/div>\n\t\t\t\t<\/div>\n\t\t\t\t<\/div>\n\t\t\t\t\t<\/div>\n\t\t\t\t<\/div>\n\t\t<div class=\"elementor-element elementor-element-78ca25e e-flex e-con-boxed e-con e-parent\" data-id=\"78ca25e\" data-element_type=\"container\" data-e-type=\"container\">\n\t\t\t\t\t<div class=\"e-con-inner\">\n\t\t\t\t<div class=\"elementor-element elementor-element-48d68e8 elementor-widget elementor-widget-heading\" data-id=\"48d68e8\" data-element_type=\"widget\" data-e-type=\"widget\" data-widget_type=\"heading.default\">\n\t\t\t\t<div class=\"elementor-widget-container\">\n\t\t\t\t\t<h2 class=\"elementor-heading-title elementor-size-default\">Skatt ved donasjoner i andre land<\/h2>\t\t\t\t<\/div>\n\t\t\t\t<\/div>\n\t\t\t\t<div class=\"elementor-element elementor-element-0334b0c elementor-widget elementor-widget-text-editor\" data-id=\"0334b0c\" data-element_type=\"widget\" data-e-type=\"widget\" data-widget_type=\"text-editor.default\">\n\t\t\t\t<div class=\"elementor-widget-container\">\n\t\t\t\t\t\t\t\t\t<p class=\"s5\"><span class=\"s4\">Internasjonale forhold kan medf\u00f8re ytterligere skattemessige konsekvenser.<\/span><\/p>\n<p><\/p>\n<p class=\"s5\"><span class=\"s6\">Danmark<\/span><span class=\"s4\"> har fortsatt gaveavgift. Ved overf\u00f8ringer mellom n\u00e6re familiemedlemmer utgj\u00f8r avgiften typisk 15 % av det bel\u00f8pet som overstiger det \u00e5rlige fribel\u00f8pet. Skatteplikt kan oppst\u00e5 dersom enten giver eller mottaker har dansk skattemessig bosted.<\/span><\/p>\n<p><\/p>\n<p class=\"s5\"><span class=\"s6\">Norge og Sverige<\/span><span class=\"s4\"> har avskaffet gaveavgift, men andre skattemessige forhold \u2013 for eksempel gevinstbeskatning \u2013 kan fortsatt v\u00e6re relevante avhengig av partenes skattemessige status.<\/span><\/p>\n<p><\/p>\n<p class=\"s5\"><span class=\"s4\">Regelverket varierer fra land til land, og internasjonale donasjoner b\u00f8r derfor alltid vurderes konkret for \u00e5 unng\u00e5 uforutsette skattemessige konsekvenser eller risiko for dobbeltbeskatning.<\/span><\/p>\n\t\t\t\t\t\t\t\t<\/div>\n\t\t\t\t<\/div>\n\t\t\t\t<div class=\"elementor-element elementor-element-eb333b2 elementor-widget elementor-widget-heading\" data-id=\"eb333b2\" data-element_type=\"widget\" data-e-type=\"widget\" data-widget_type=\"heading.default\">\n\t\t\t\t<div class=\"elementor-widget-container\">\n\t\t\t\t\t<h2 class=\"elementor-heading-title elementor-size-default\">N\u00e5r kan en donasjon v\u00e6re aktuell?<\/h2>\t\t\t\t<\/div>\n\t\t\t\t<\/div>\n\t\t\t\t<div class=\"elementor-element elementor-element-810fed9 elementor-widget elementor-widget-text-editor\" data-id=\"810fed9\" data-element_type=\"widget\" data-e-type=\"widget\" data-widget_type=\"text-editor.default\">\n\t\t\t\t<div class=\"elementor-widget-container\">\n\t\t\t\t\t\t\t\t\t<p class=\"s5\"><span class=\"s4\">En donasjon kan v\u00e6re en hensiktsmessig l\u00f8sning i flere situasjoner:<\/span><\/p>\n<div class=\"s11\"><span class=\"s10\">\u2022 <\/span><span class=\"s4\">Overf\u00f8ring av fast eiendom til barn eller familiemedlemmer mens man lever<\/span><\/div>\n<p><\/p>\n<div class=\"s11\"><span class=\"s10\">\u2022 <\/span><span class=\"s4\">Planlegging<\/span> <span class=\"s4\">av<\/span> <span class=\"s4\">generasjonsskifte<\/span><\/div>\n<p><\/p>\n<div class=\"s11\"><span class=\"s10\">\u2022 <\/span><span class=\"s4\">Skattemessig<\/span> <span class=\"s4\">optimalisering<\/span><\/div>\n<p><\/p>\n<div class=\"s11\"><span class=\"s10\">\u2022 <\/span><span class=\"s4\">Beskyttelse<\/span> <span class=\"s4\">av<\/span> <span class=\"s4\">s\u00e6rlig<\/span> <span class=\"s4\">s\u00e5rbare<\/span> <span class=\"s4\">familiemedlemmer<\/span><\/div>\n<p><\/p>\n<div class=\"s11\"><span class=\"s10\">\u2022 <\/span><span class=\"s4\">Forh\u00e5ndsplanlegging<\/span> <span class=\"s4\">av<\/span> <span class=\"s4\">arv<\/span><\/div>\n<p><\/p>\n<p class=\"s5\"><span class=\"s4\">Det er avgj\u00f8rende \u00e5 vurdere b\u00e5de spanske regler og eventuelle regler i andre land.<\/span><\/p>\n\t\t\t\t\t\t\t\t<\/div>\n\t\t\t\t<\/div>\n\t\t\t\t\t<\/div>\n\t\t\t\t<\/div>\n\t\t<div class=\"elementor-element elementor-element-84b6c85 e-flex e-con-boxed e-con e-parent\" data-id=\"84b6c85\" data-element_type=\"container\" data-e-type=\"container\">\n\t\t\t\t\t<div class=\"e-con-inner\">\n\t\t<div class=\"elementor-element elementor-element-0ab72f4 e-con-full e-flex e-con e-child\" data-id=\"0ab72f4\" data-element_type=\"container\" data-e-type=\"container\">\n\t\t\t\t<div class=\"elementor-element elementor-element-9278f7e elementor-widget elementor-widget-heading\" data-id=\"9278f7e\" data-element_type=\"widget\" data-e-type=\"widget\" data-widget_type=\"heading.default\">\n\t\t\t\t<div class=\"elementor-widget-container\">\n\t\t\t\t\t<h2 class=\"elementor-heading-title elementor-size-default\">Juridiske og skattemessige forhold i Spania<\/h2>\t\t\t\t<\/div>\n\t\t\t\t<\/div>\n\t\t\t\t<div class=\"elementor-element elementor-element-25bea38 elementor-widget elementor-widget-text-editor\" data-id=\"25bea38\" data-element_type=\"widget\" data-e-type=\"widget\" data-widget_type=\"text-editor.default\">\n\t\t\t\t<div class=\"elementor-widget-container\">\n\t\t\t\t\t\t\t\t\t<p class=\"s5\"><span class=\"s4\">En donasjon i Spania krever som hovedregel:<\/span><\/p>\n<div class=\"s11\"><span class=\"s10\">\u2022 <\/span><span class=\"s4\">Notarial skj\u00f8te (ved fast eiendom)<\/span><\/div>\n<p><\/p>\n<div class=\"s11\"><span class=\"s10\">\u2022 <\/span><span class=\"s4\">Betaling<\/span> <span class=\"s4\">av<\/span> <span class=\"s6\">Impuesto sobre Sucesiones y Donaciones<\/span><\/div>\n<p><\/p>\n<p class=\"s5\"><span class=\"s4\">I tillegg m\u00e5 man v\u00e6re oppmerksom p\u00e5 at giveren i enkelte tilfeller kan bli beskattet for en eventuell <\/span><span class=\"s6\">kapitalgevinst (gevinstbeskatning \/ IRPF eller ikke-resident skatt)<\/span><span class=\"s4\">dersom eiendelens verdi har \u00f8kt siden den ble ervervet.<\/span><\/p>\n<p><\/p>\n<p class=\"s5\"><span class=\"s4\">Ved donasjon av fast eiendom kan det ogs\u00e5 p\u00e5l\u00f8pe kommunal <\/span><span class=\"s6\">plusval\u00eda municipal<\/span><span class=\"s4\">.<\/span><\/p>\n<p><\/p>\n<p class=\"s5\"><span class=\"s4\">Den samlede skattemessige belastningen b\u00f8r derfor analyseres f\u00f8r donasjonen gjennomf\u00f8res.<\/span><\/p>\n\t\t\t\t\t\t\t\t<\/div>\n\t\t\t\t<\/div>\n\t\t\t\t<\/div>\n\t\t<div class=\"elementor-element elementor-element-e99d810 e-con-full e-flex e-con e-child\" data-id=\"e99d810\" data-element_type=\"container\" data-e-type=\"container\">\n\t\t\t\t<div class=\"elementor-element elementor-element-2636dbc elementor-widget elementor-widget-heading\" data-id=\"2636dbc\" data-element_type=\"widget\" data-e-type=\"widget\" data-widget_type=\"heading.default\">\n\t\t\t\t<div class=\"elementor-widget-container\">\n\t\t\t\t\t<h2 class=\"elementor-heading-title elementor-size-default\">En strategisk og menneskelig tiln\u00e6rming<\/h2>\t\t\t\t<\/div>\n\t\t\t\t<\/div>\n\t\t\t\t<div class=\"elementor-element elementor-element-1b6f383 elementor-widget elementor-widget-text-editor\" data-id=\"1b6f383\" data-element_type=\"widget\" data-e-type=\"widget\" data-widget_type=\"text-editor.default\">\n\t\t\t\t<div class=\"elementor-widget-container\">\n\t\t\t\t\t\t\t\t\t<p class=\"s5\"><span class=\"s4\">Donasjoner handler ikke bare om skatt og juss.<\/span><span class=\"s4\"><br \/>\n<\/span><span class=\"s4\">De handler om familier, relasjoner og fremtidig trygghet.<\/span><\/p>\n<p><\/p>\n<p class=\"s5\"><span class=\"s4\">Hver sak krever en helhetlig vurdering hvor juridiske, \u00f8konomiske og personlige hensyn inng\u00e5r.<\/span><\/p>\n<p><\/p>\n<p class=\"s5\"><span class=\"s4\">Hos <\/span><span class=\"s6\">Gr\u00f8n &amp; Andersen<\/span><span class=\"s4\"> r\u00e5dgir vi om donasjoner i Spania med fokus p\u00e5:<\/span><\/p>\n<div class=\"s11\"><span class=\"s10\">\u2022 <\/span><span class=\"s4\">Juridisk<\/span> <span class=\"s4\">sikkerhet<\/span><\/div>\n<p><\/p>\n<div class=\"s11\"><span class=\"s10\">\u2022 <\/span><span class=\"s4\">Skattemessig<\/span> <span class=\"s4\">optimalisering<\/span><\/div>\n<p><\/p>\n<div class=\"s11\"><span class=\"s10\">\u2022 <\/span><span class=\"s4\">Internasjonal<\/span> <span class=\"s4\">koordinering<\/span><\/div>\n<p><\/p>\n<div class=\"s11\"><span class=\"s10\">\u2022 <\/span><span class=\"s4\">En <\/span><span class=\"s4\">klar<\/span><span class=\"s4\"> og <\/span><span class=\"s4\">transparent<\/span> <span class=\"s4\">prosess<\/span><\/div>\n\t\t\t\t\t\t\t\t<\/div>\n\t\t\t\t<\/div>\n\t\t\t\t<\/div>\n\t\t\t\t\t<\/div>\n\t\t\t\t<\/div>\n\t\t\t\t<\/div>\n\t\t","protected":false},"excerpt":{"rendered":"<p>Konsulentbureau Donasjon i Spania \u2013 planlegging med omtanke En donasjon er ikke bare en overf\u00f8ring av eiendeler. Det er en beslutning med b\u00e5de personlige, familiemessige og skattemessige konsekvenser, som krever grundig juridisk planlegging. I Spania er donasjoner underlagt Impuesto sobre Sucesiones y Donaciones (ISD), som beskatter overf\u00f8ringer inter vivos. Dette inneb\u00e6rer at mottakeren av donasjonen [&hellip;]<\/p>\n","protected":false},"author":3,"featured_media":0,"parent":0,"menu_order":0,"comment_status":"closed","ping_status":"closed","template":"elementor_header_footer","meta":{"footnotes":"","_links_to":"","_links_to_target":""},"class_list":["post-4767","page","type-page","status-publish","hentry"],"_links":{"self":[{"href":"https:\/\/www.gron-andersen.es\/no\/wp-json\/wp\/v2\/pages\/4767","targetHints":{"allow":["GET"]}}],"collection":[{"href":"https:\/\/www.gron-andersen.es\/no\/wp-json\/wp\/v2\/pages"}],"about":[{"href":"https:\/\/www.gron-andersen.es\/no\/wp-json\/wp\/v2\/types\/page"}],"author":[{"embeddable":true,"href":"https:\/\/www.gron-andersen.es\/no\/wp-json\/wp\/v2\/users\/3"}],"replies":[{"embeddable":true,"href":"https:\/\/www.gron-andersen.es\/no\/wp-json\/wp\/v2\/comments?post=4767"}],"version-history":[{"count":1,"href":"https:\/\/www.gron-andersen.es\/no\/wp-json\/wp\/v2\/pages\/4767\/revisions"}],"predecessor-version":[{"id":4768,"href":"https:\/\/www.gron-andersen.es\/no\/wp-json\/wp\/v2\/pages\/4767\/revisions\/4768"}],"wp:attachment":[{"href":"https:\/\/www.gron-andersen.es\/no\/wp-json\/wp\/v2\/media?parent=4767"}],"curies":[{"name":"wp","href":"https:\/\/api.w.org\/{rel}","templated":true}]}}