{"id":4770,"date":"2026-03-09T17:27:06","date_gmt":"2026-03-09T16:27:06","guid":{"rendered":"https:\/\/www.gron-andersen.es\/arv-i-spanien\/"},"modified":"2026-03-09T17:27:07","modified_gmt":"2026-03-09T16:27:07","slug":"arv-i-spanien","status":"publish","type":"page","link":"https:\/\/www.gron-andersen.es\/no\/arv-i-spanien\/","title":{"rendered":"Arv I Spanien"},"content":{"rendered":"\t\t<div data-elementor-type=\"wp-page\" data-elementor-id=\"4770\" class=\"elementor elementor-4770 elementor-4664\" data-elementor-post-type=\"page\">\n\t\t\t\t\t\t<section class=\"elementor-section elementor-top-section elementor-element elementor-element-a383adf elementor-section-boxed elementor-section-height-default elementor-section-height-default\" data-id=\"a383adf\" data-element_type=\"section\" data-e-type=\"section\">\n\t\t\t\t\t\t<div class=\"elementor-container elementor-column-gap-default\">\n\t\t\t\t\t<div class=\"elementor-column elementor-col-100 elementor-top-column elementor-element elementor-element-88b0742\" data-id=\"88b0742\" data-element_type=\"column\" data-e-type=\"column\">\n\t\t\t<div class=\"elementor-widget-wrap elementor-element-populated\">\n\t\t\t\t\t\t<div class=\"elementor-element elementor-element-bf1a5db elementor-widget elementor-widget-heading\" data-id=\"bf1a5db\" data-element_type=\"widget\" data-e-type=\"widget\" data-widget_type=\"heading.default\">\n\t\t\t\t<div class=\"elementor-widget-container\">\n\t\t\t\t\t<h3 class=\"elementor-heading-title elementor-size-default\">Konsulentbureau<\/h3>\t\t\t\t<\/div>\n\t\t\t\t<\/div>\n\t\t\t\t<div class=\"elementor-element elementor-element-69e7c2f elementor-widget elementor-widget-heading\" data-id=\"69e7c2f\" data-element_type=\"widget\" data-e-type=\"widget\" data-widget_type=\"heading.default\">\n\t\t\t\t<div class=\"elementor-widget-container\">\n\t\t\t\t\t<h2 class=\"elementor-heading-title elementor-size-default\"><b>En personlig erfaring <\/b>som gir arbeidet mitt mening<\/h2>\t\t\t\t<\/div>\n\t\t\t\t<\/div>\n\t\t\t\t<div class=\"elementor-element elementor-element-261edbc elementor-widget-divider--view-line elementor-widget elementor-widget-divider\" data-id=\"261edbc\" data-element_type=\"widget\" data-e-type=\"widget\" data-settings=\"{&quot;motion_fx_motion_fx_scrolling&quot;:&quot;yes&quot;,&quot;motion_fx_translateX_effect&quot;:&quot;yes&quot;,&quot;motion_fx_translateX_direction&quot;:&quot;negative&quot;,&quot;motion_fx_translateX_speed&quot;:{&quot;unit&quot;:&quot;px&quot;,&quot;size&quot;:&quot;0.5&quot;,&quot;sizes&quot;:[]},&quot;motion_fx_devices&quot;:[&quot;desktop&quot;,&quot;tablet&quot;],&quot;motion_fx_translateX_affectedRange&quot;:{&quot;unit&quot;:&quot;%&quot;,&quot;size&quot;:&quot;&quot;,&quot;sizes&quot;:{&quot;start&quot;:0,&quot;end&quot;:100}}}\" data-widget_type=\"divider.default\">\n\t\t\t\t<div class=\"elementor-widget-container\">\n\t\t\t\t\t\t\t<div class=\"elementor-divider\">\n\t\t\t<span class=\"elementor-divider-separator\">\n\t\t\t\t\t\t<\/span>\n\t\t<\/div>\n\t\t\t\t\t\t<\/div>\n\t\t\t\t<\/div>\n\t\t\t\t<div class=\"elementor-element elementor-element-02cde63 elementor-widget__width-initial elementor-absolute elementor-widget-tablet__width-initial elementor-hidden-tablet elementor-hidden-mobile elementor-widget elementor-widget-spacer\" data-id=\"02cde63\" data-element_type=\"widget\" data-e-type=\"widget\" data-settings=\"{&quot;_position&quot;:&quot;absolute&quot;}\" data-widget_type=\"spacer.default\">\n\t\t\t\t<div class=\"elementor-widget-container\">\n\t\t\t\t\t\t\t<div class=\"elementor-spacer\">\n\t\t\t<div class=\"elementor-spacer-inner\"><\/div>\n\t\t<\/div>\n\t\t\t\t\t\t<\/div>\n\t\t\t\t<\/div>\n\t\t\t\t<div class=\"elementor-element elementor-element-89c8842 elementor-widget elementor-widget-text-editor\" data-id=\"89c8842\" data-element_type=\"widget\" data-e-type=\"widget\" data-widget_type=\"text-editor.default\">\n\t\t\t\t<div class=\"elementor-widget-container\">\n\t\t\t\t\t\t\t\t\t<p>I mer enn femten \u00e5r har jeg (Lena Gr\u00f8n) arbeidet med arvesaker, testamenter og donasjoner. Samtidig har jeg p\u00e5 et personlig plan erfart hva det inneb\u00e6rer \u00e5 st\u00e5 midt i en arvesak i egen familie.<\/p>\n\t\t\t\t\t\t\t\t<\/div>\n\t\t\t\t<\/div>\n\t\t\t\t\t<\/div>\n\t\t<\/div>\n\t\t\t\t\t<\/div>\n\t\t<\/section>\n\t\t<div class=\"elementor-element elementor-element-a227382 e-flex e-con-boxed e-con e-parent\" data-id=\"a227382\" data-element_type=\"container\" data-e-type=\"container\">\n\t\t\t\t\t<div class=\"e-con-inner\">\n\t\t\t\t<div class=\"elementor-element elementor-element-5b7637a elementor-widget__width-initial elementor-widget-mobile__width-inherit elementor-widget elementor-widget-image\" data-id=\"5b7637a\" data-element_type=\"widget\" data-e-type=\"widget\" data-widget_type=\"image.default\">\n\t\t\t\t<div class=\"elementor-widget-container\">\n\t\t\t\t\t\t\t\t\t\t\t\t\t\t\t<img fetchpriority=\"high\" decoding=\"async\" width=\"800\" height=\"327\" src=\"https:\/\/www.gron-andersen.es\/wp-content\/uploads\/2025\/11\/Arv-i-Spanien-1024x419.jpg\" class=\"attachment-large size-large wp-image-4610\" alt=\"\" srcset=\"https:\/\/www.gron-andersen.es\/wp-content\/uploads\/2025\/11\/Arv-i-Spanien-1024x419.jpg 1024w, https:\/\/www.gron-andersen.es\/wp-content\/uploads\/2025\/11\/Arv-i-Spanien-300x123.jpg 300w, https:\/\/www.gron-andersen.es\/wp-content\/uploads\/2025\/11\/Arv-i-Spanien-768x314.jpg 768w, https:\/\/www.gron-andersen.es\/wp-content\/uploads\/2025\/11\/Arv-i-Spanien.jpg 1321w\" sizes=\"(max-width: 800px) 100vw, 800px\" \/>\t\t\t\t\t\t\t\t\t\t\t\t\t\t\t<\/div>\n\t\t\t\t<\/div>\n\t\t<div class=\"elementor-element elementor-element-bf6f9c9 e-con-full e-flex e-con e-child\" data-id=\"bf6f9c9\" data-element_type=\"container\" data-e-type=\"container\">\n\t\t\t\t<div class=\"elementor-element elementor-element-fd8eacc elementor-widget elementor-widget-text-editor\" data-id=\"fd8eacc\" data-element_type=\"widget\" data-e-type=\"widget\" data-widget_type=\"text-editor.default\">\n\t\t\t\t<div class=\"elementor-widget-container\">\n\t\t\t\t\t\t\t\t\t<p class=\"s5\"><span class=\"s4\">Denne erfaringen har gitt meg en dypere forst\u00e5else av at arv ikke bare handler om dokumenter og juridiske prosedyrer \u2013 men om mennesker, relasjoner, tap og kj\u00e6rlighet.<\/span><\/p>\n<p><\/p>\n<p class=\"s5\"><span class=\"s4\">Derfor m\u00f8ter jeg hver eneste arvesak med b\u00e5de juridisk presisjon og menneskelig innsikt.<\/span><\/p>\n\t\t\t\t\t\t\t\t<\/div>\n\t\t\t\t<\/div>\n\t\t\t\t<\/div>\n\t\t\t\t\t<\/div>\n\t\t\t\t<\/div>\n\t\t<div class=\"elementor-element elementor-element-6f5ceaf e-flex e-con-boxed e-con e-parent\" data-id=\"6f5ceaf\" data-element_type=\"container\" data-e-type=\"container\">\n\t\t\t\t\t<div class=\"e-con-inner\">\n\t\t\t\t<div class=\"elementor-element elementor-element-a137713 elementor-widget elementor-widget-heading\" data-id=\"a137713\" data-element_type=\"widget\" data-e-type=\"widget\" data-widget_type=\"heading.default\">\n\t\t\t\t<div class=\"elementor-widget-container\">\n\t\t\t\t\t<h2 class=\"elementor-heading-title elementor-size-default\">Arv i Spania \u2013 en juridisk prosess med personlige implikasjoner<\/h2>\t\t\t\t<\/div>\n\t\t\t\t<\/div>\n\t\t\t\t<div class=\"elementor-element elementor-element-20a88cf elementor-widget elementor-widget-text-editor\" data-id=\"20a88cf\" data-element_type=\"widget\" data-e-type=\"widget\" data-widget_type=\"text-editor.default\">\n\t\t\t\t<div class=\"elementor-widget-container\">\n\t\t\t\t\t\t\t\t\t<p class=\"s5\"><span class=\"s4\">I dag lever mange europeere deler av livet sitt utenfor hjemlandet. Spania har et stort antall utenlandske borgere \u2013 b\u00e5de fastboende og ikke-fastboende \u2013 som eier eiendom, aktiva eller bankkontoer i landet.<\/span><\/p>\n<p><\/p>\n<p class=\"s5\"><span class=\"s4\">N\u00e5r en person g\u00e5r bort, oppst\u00e5r det viktige sp\u00f8rsm\u00e5l:<\/span><\/p>\n<div class=\"s7\"><span class=\"s6\">\u2022 <\/span><span class=\"s4\">Hvilken lov kommer til anvendelse?<\/span><\/div>\n<p><\/p>\n<div class=\"s7\"><span class=\"s6\">\u2022 <\/span><span class=\"s4\">Hvordan behandles arven korrekt i Spania?<\/span><\/div>\n<p><\/p>\n<div class=\"s7\"><span class=\"s6\">\u2022 <\/span><span class=\"s4\">Hvordan sikres det at avd\u00f8des vilje blir respektert?<\/span><\/div>\n<p><\/p>\n<div class=\"s7\"><span class=\"s6\">\u2022 <\/span><span class=\"s4\">Hvordan unng\u00e5r man un\u00f8dige konflikter eller forsinkelser?<\/span><\/div>\n<p><\/p>\n<p class=\"s5\"><span class=\"s4\">En arvesak i Spania krever b\u00e5de kjennskap til spansk arverett og forst\u00e5else av EUs arveforordning samt internasjonale forhold.<\/span><\/p>\n<p><\/p>\n<p class=\"s5\"><span class=\"s4\">Men arv er ikke bare juss. Det er ogs\u00e5 en prosess hvor familier befinner seg i en f\u00f8lelsesmessig s\u00e5rbar situasjon. Derfor kreves det b\u00e5de faglig kompetanse og empati for \u00e5 h\u00e5ndtere saken p\u00e5 en korrekt m\u00e5te.<\/span><\/p>\n\t\t\t\t\t\t\t\t<\/div>\n\t\t\t\t<\/div>\n\t\t\t\t<div class=\"elementor-element elementor-element-6fe676c elementor-widget elementor-widget-heading\" data-id=\"6fe676c\" data-element_type=\"widget\" data-e-type=\"widget\" data-widget_type=\"heading.default\">\n\t\t\t\t<div class=\"elementor-widget-container\">\n\t\t\t\t\t<h2 class=\"elementor-heading-title elementor-size-default\">Testamentarisk planlegging \u2013 \u00e5 sikre sin vilje<\/h2>\t\t\t\t<\/div>\n\t\t\t\t<\/div>\n\t\t\t\t<div class=\"elementor-element elementor-element-c7e0310 elementor-widget elementor-widget-text-editor\" data-id=\"c7e0310\" data-element_type=\"widget\" data-e-type=\"widget\" data-widget_type=\"text-editor.default\">\n\t\t\t\t<div class=\"elementor-widget-container\">\n\t\t\t\t\t\t\t\t\t<p class=\"s5\"><span class=\"s4\">Et korrekt utformet testamente er det viktigste verkt\u00f8yet for \u00e5 sikre at ens \u00f8nsker blir respektert.<\/span><\/p>\n<p><\/p>\n<p class=\"s5\"><span class=\"s4\">For personer med aktiva i Spania \u2013 enten de er bosatt der eller ikke \u2013 kan det v\u00e6re en stor fordel \u00e5 opprette et eget spansk testamente for de eiendelene som befinner seg i landet.<\/span><\/p>\n<p><\/p>\n<p class=\"s5\"><span class=\"s4\">Et testamente kan blant annet:<\/span><\/p>\n<div class=\"s7\"><span class=\"s6\">\u2022 <\/span><span class=\"s4\">Fastsette hvilken lov som skal gjelde for arven<\/span><\/div>\n<p><\/p>\n<div class=\"s7\"><span class=\"s6\">\u2022 <\/span><span class=\"s4\">Sikre en tydelig fordeling mellom ektefelle, barn eller andre begunstigede<\/span><\/div>\n<p><\/p>\n<div class=\"s7\"><span class=\"s6\">\u2022 <\/span><span class=\"s4\">Forebygge<\/span> <span class=\"s4\">konflikter<\/span><span class=\"s4\"> og <\/span><span class=\"s4\">misforst\u00e5elser<\/span><\/div>\n<p><\/p>\n<div class=\"s7\"><span class=\"s6\">\u2022 <\/span><span class=\"s4\">Forenkle arveprosessen betydelig for de etterlatte<\/span><\/div>\n<p><\/p>\n<p class=\"s5\"><span class=\"s4\">Av hensyn til klarhet og rettssikkerhet anbefales det at testamentet utarbeides b\u00e5de p\u00e5 spansk og testators eget spr\u00e5k, og undertegnes for notar.<\/span><\/p>\n\t\t\t\t\t\t\t\t<\/div>\n\t\t\t\t<\/div>\n\t\t\t\t\t<\/div>\n\t\t\t\t<\/div>\n\t\t<div class=\"elementor-element elementor-element-c567ffa e-flex e-con-boxed e-con e-parent\" data-id=\"c567ffa\" data-element_type=\"container\" data-e-type=\"container\">\n\t\t\t\t\t<div class=\"e-con-inner\">\n\t\t<div class=\"elementor-element elementor-element-0739aa2 e-con-full e-flex e-con e-child\" data-id=\"0739aa2\" data-element_type=\"container\" data-e-type=\"container\">\n\t\t\t\t<div class=\"elementor-element elementor-element-bdf60ee elementor-widget elementor-widget-heading\" data-id=\"bdf60ee\" data-element_type=\"widget\" data-e-type=\"widget\" data-widget_type=\"heading.default\">\n\t\t\t\t<div class=\"elementor-widget-container\">\n\t\t\t\t\t<h2 class=\"elementor-heading-title elementor-size-default\">Mer enn dokumenter \u2013 hver arv er en menneskelig historie<\/h2>\t\t\t\t<\/div>\n\t\t\t\t<\/div>\n\t\t\t\t<div class=\"elementor-element elementor-element-8a4ff45 elementor-widget elementor-widget-text-editor\" data-id=\"8a4ff45\" data-element_type=\"widget\" data-e-type=\"widget\" data-widget_type=\"text-editor.default\">\n\t\t\t\t<div class=\"elementor-widget-container\">\n\t\t\t\t\t\t\t\t\t<p class=\"s5\"><span class=\"s4\">Hver familie er forskjellig.<\/span><\/p>\n<p><\/p>\n<p class=\"s5\"><span class=\"s4\">Noen har barn i flere land.<\/span><span class=\"s4\"><br \/>\n<\/span><span class=\"s4\">Noen har sammensatte familier.<\/span><span class=\"s4\"><br \/>\n<\/span><span class=\"s4\">Noen \u00f8nsker \u00e5 beskytte s\u00e6rlig s\u00e5rbare familiemedlemmer.<\/span><\/p>\n<p><\/p>\n<p class=\"s5\"><span class=\"s4\">Arveplanlegging b\u00f8r ta hensyn b\u00e5de til de juridiske rammene og den f\u00f8lelsesmessige virkeligheten.<\/span><\/p>\n<p><\/p>\n<p class=\"s5\"><span class=\"s4\">Ved \u00e5 planlegge i god tid sikrer man:<\/span><\/p>\n<div class=\"s7\"><span class=\"s6\">\u2022 <\/span><span class=\"s4\">At <\/span><span class=\"s4\">testators<\/span> <span class=\"s4\">vilje<\/span> <span class=\"s4\">blir<\/span> <span class=\"s4\">respektert<\/span><\/div>\n<p><\/p>\n<div class=\"s7\"><span class=\"s6\">\u2022 <\/span><span class=\"s4\">At <\/span><span class=\"s4\">arvingene<\/span> <span class=\"s4\">unng\u00e5r<\/span> <span class=\"s4\">un\u00f8dig<\/span> <span class=\"s4\">usikkerhet<\/span><\/div>\n<p><\/p>\n<div class=\"s7\"><span class=\"s6\">\u2022 <\/span><span class=\"s4\">At prosessen kan gjennomf\u00f8res med ro og klarhet<\/span><\/div>\n<p><\/p>\n<p class=\"s5\"><span class=\"s4\">God r\u00e5dgivning b\u00f8r v\u00e6re b\u00e5de juridisk solid og menneskelig forst\u00e5elsesfull.<\/span><\/p>\n\t\t\t\t\t\t\t\t<\/div>\n\t\t\t\t<\/div>\n\t\t\t\t<\/div>\n\t\t<div class=\"elementor-element elementor-element-5d275ca e-con-full e-flex e-con e-child\" data-id=\"5d275ca\" data-element_type=\"container\" data-e-type=\"container\">\n\t\t\t\t<div class=\"elementor-element elementor-element-ff9ef54 elementor-widget elementor-widget-heading\" data-id=\"ff9ef54\" data-element_type=\"widget\" data-e-type=\"widget\" data-widget_type=\"heading.default\">\n\t\t\t\t<div class=\"elementor-widget-container\">\n\t\t\t\t\t<h2 class=\"elementor-heading-title elementor-size-default\">En helhetlig tiln\u00e6rming<\/h2>\t\t\t\t<\/div>\n\t\t\t\t<\/div>\n\t\t\t\t<div class=\"elementor-element elementor-element-07452f0 elementor-widget elementor-widget-text-editor\" data-id=\"07452f0\" data-element_type=\"widget\" data-e-type=\"widget\" data-widget_type=\"text-editor.default\">\n\t\t\t\t<div class=\"elementor-widget-container\">\n\t\t\t\t\t\t\t\t\t<p class=\"s5\"><span class=\"s4\">Hos Gr\u00f8n &amp; Andersen arbeider vi med en helhetlig tiln\u00e6rming til arveplanlegging.<\/span><\/p>\n<p><\/p>\n<p class=\"s5\"><span class=\"s4\">Vi kombinerer juridisk ekspertise innen spansk og internasjonal arverett med respekt for hver enkelt families personlige situasjon.<\/span><\/p>\n\t\t\t\t\t\t\t\t<\/div>\n\t\t\t\t<\/div>\n\t\t\t\t<\/div>\n\t\t\t\t\t<\/div>\n\t\t\t\t<\/div>\n\t\t\t\t<\/div>\n\t\t","protected":false},"excerpt":{"rendered":"<p>Konsulentbureau En personlig erfaring som gir arbeidet mitt mening I mer enn femten \u00e5r har jeg (Lena Gr\u00f8n) arbeidet med arvesaker, testamenter og donasjoner. Samtidig har jeg p\u00e5 et personlig plan erfart hva det inneb\u00e6rer \u00e5 st\u00e5 midt i en arvesak i egen familie. Denne erfaringen har gitt meg en dypere forst\u00e5else av at arv [&hellip;]<\/p>\n","protected":false},"author":3,"featured_media":0,"parent":0,"menu_order":0,"comment_status":"closed","ping_status":"closed","template":"elementor_header_footer","meta":{"footnotes":"","_links_to":"","_links_to_target":""},"class_list":["post-4770","page","type-page","status-publish","hentry"],"_links":{"self":[{"href":"https:\/\/www.gron-andersen.es\/no\/wp-json\/wp\/v2\/pages\/4770","targetHints":{"allow":["GET"]}}],"collection":[{"href":"https:\/\/www.gron-andersen.es\/no\/wp-json\/wp\/v2\/pages"}],"about":[{"href":"https:\/\/www.gron-andersen.es\/no\/wp-json\/wp\/v2\/types\/page"}],"author":[{"embeddable":true,"href":"https:\/\/www.gron-andersen.es\/no\/wp-json\/wp\/v2\/users\/3"}],"replies":[{"embeddable":true,"href":"https:\/\/www.gron-andersen.es\/no\/wp-json\/wp\/v2\/comments?post=4770"}],"version-history":[{"count":1,"href":"https:\/\/www.gron-andersen.es\/no\/wp-json\/wp\/v2\/pages\/4770\/revisions"}],"predecessor-version":[{"id":4771,"href":"https:\/\/www.gron-andersen.es\/no\/wp-json\/wp\/v2\/pages\/4770\/revisions\/4771"}],"wp:attachment":[{"href":"https:\/\/www.gron-andersen.es\/no\/wp-json\/wp\/v2\/media?parent=4770"}],"curies":[{"name":"wp","href":"https:\/\/api.w.org\/{rel}","templated":true}]}}